{"id":941,"date":"2020-03-02T15:40:14","date_gmt":"2020-03-02T13:40:14","guid":{"rendered":"http:\/\/corpi.lt\/?page_id=941"},"modified":"2023-02-16T12:23:46","modified_gmt":"2023-02-16T10:23:46","slug":"ornitologines-ekspertizes-del-medziu-kirtimo","status":"publish","type":"page","link":"https:\/\/corpi.lt\/index.php\/paslaugos\/ornitologines-ekspertizes-del-medziu-kirtimo\/","title":{"rendered":"Ornitologin\u0117s ekspertiz\u0117s d\u0117l med\u017ei\u0173 kirtimo"},"content":{"rendered":"<ul>\n<li>Atliekamos planuojam\u0173 gen\u0117ti ar kirsti numatyt\u0173 med\u017ei\u0173 orinitologin\u0117s ekspertiz\u0117s.<\/li>\n<li>I\u0161duodamos pa\u017eymos skirtos \u012fvertini ar kertamame ir (ar) genimame medyje ir greta augan\u010diuose med\u017eiuose n\u0117ra besiveisian\u010di\u0173 laukini\u0173 pauk\u0161\u010di\u0173.<\/li>\n<\/ul>\n<p>Ekspertiz\u0117s yra atliekamos kopmeteting\u0173 biologijos srities ekspert\u0173 &#8211; ornitolog\u0173.<\/p>\n","protected":false},"excerpt":{"rendered":"<p>Atliekamos planuojam\u0173 gen\u0117ti ar kirsti numatyt\u0173 med\u017ei\u0173 orinitologin\u0117s ekspertiz\u0117s. I\u0161duodamos pa\u017eymos skirtos \u012fvertini ar kertamame ir (ar) genimame medyje ir greta augan\u010diuose med\u017eiuose n\u0117ra besiveisian\u010di\u0173 laukini\u0173 pauk\u0161\u010di\u0173. Ekspertiz\u0117s yra atliekamos kopmeteting\u0173 biologijos srities ekspert\u0173 &#8211; ornitolog\u0173.<\/p>\n","protected":false},"author":1,"featured_media":0,"parent":228,"menu_order":11,"comment_status":"closed","ping_status":"open","template":"","meta":{"footnotes":""},"tags":[],"class_list":["post-941","page","type-page","status-publish","hentry"],"_links":{"self":[{"href":"https:\/\/corpi.lt\/index.php\/wp-json\/wp\/v2\/pages\/941","targetHints":{"allow":["GET"]}}],"collection":[{"href":"https:\/\/corpi.lt\/index.php\/wp-json\/wp\/v2\/pages"}],"about":[{"href":"https:\/\/corpi.lt\/index.php\/wp-json\/wp\/v2\/types\/page"}],"author":[{"embeddable":true,"href":"https:\/\/corpi.lt\/index.php\/wp-json\/wp\/v2\/users\/1"}],"replies":[{"embeddable":true,"href":"https:\/\/corpi.lt\/index.php\/wp-json\/wp\/v2\/comments?post=941"}],"version-history":[{"count":3,"href":"https:\/\/corpi.lt\/index.php\/wp-json\/wp\/v2\/pages\/941\/revisions"}],"predecessor-version":[{"id":1382,"href":"https:\/\/corpi.lt\/index.php\/wp-json\/wp\/v2\/pages\/941\/revisions\/1382"}],"up":[{"embeddable":true,"href":"https:\/\/corpi.lt\/index.php\/wp-json\/wp\/v2\/pages\/228"}],"wp:attachment":[{"href":"https:\/\/corpi.lt\/index.php\/wp-json\/wp\/v2\/media?parent=941"}],"wp:term":[{"taxonomy":"post_tag","embeddable":true,"href":"https:\/\/corpi.lt\/index.php\/wp-json\/wp\/v2\/tags?post=941"}],"curies":[{"name":"wp","href":"https:\/\/api.w.org\/{rel}","templated":true}]}}