{"id":388,"date":"2016-09-06T15:55:10","date_gmt":"2016-09-06T12:55:10","guid":{"rendered":"http:\/\/corpi.lt\/?page_id=388"},"modified":"2026-01-05T11:48:41","modified_gmt":"2026-01-05T09:48:41","slug":"kontaktai-vsi-pajurio-tyrimu-ir-planavimo-institutas","status":"publish","type":"page","link":"https:\/\/corpi.lt\/index.php\/kontaktai-vsi-pajurio-tyrimu-ir-planavimo-institutas\/","title":{"rendered":"Kontaktai"},"content":{"rendered":"<h4><strong>V\u0161\u012e Paj\u016brio tyrim\u0173 ir planavimo institutas (PTPI)<\/strong><\/h4>\n<p>Vilhelmo Berbomo g. 10-201 kab., LT-92221, Klaip\u0117da, Lietuva<br \/>\nTel. Nr. <span data-teams=\"true\">+370 674 05870, +370 46 390818<\/span>; <a href=\"mailto:info@corpi.lt\">info@corpi.lt<\/a><br \/>\nDuomenys kaupiami ir saugomi Juridini\u0173 asmen\u0173 registre, kodas 303211151<br \/>\nPVM mok\u0117tojo kodas LT100008277714<br \/>\nA\/s LT477300010137882091, AB Swedbank<\/p>\n<h4><strong>UAB CORPI<\/strong><\/h4>\n<p>Vilhelmo Berbomo g. 10-202 kab., LT-92221, Klaip\u0117da, Lietuva<br \/>\nTel. Nr. <span data-teams=\"true\">+370 674 05870<\/span>; <a href=\"mailto:info@corpi.lt\">info@corpi.lt<\/a><br \/>\nDuomenys kaupiami ir saugomi Juridini\u0173 asmen\u0173 registre, kodas <span data-teams=\"true\">307029790<\/span><br \/>\nPVM mok\u0117tojo kodas <span data-teams=\"true\">LT100018057711<\/span><br \/>\nA\/s <span data-teams=\"true\">LT327300010190486528<\/span>, AB Swedbank<\/p>\n","protected":false},"excerpt":{"rendered":"<p>V\u0161\u012e Paj\u016brio tyrim\u0173 ir planavimo institutas (PTPI) Vilhelmo Berbomo g. 10-201 kab., LT-92221, Klaip\u0117da, Lietuva Tel. Nr. +370 674 05870, +370 46 390818; info@corpi.lt Duomenys kaupiami ir saugomi Juridini\u0173 asmen\u0173 registre, kodas 303211151 PVM mok\u0117tojo kodas LT100008277714 A\/s LT477300010137882091, AB Swedbank UAB CORPI Vilhelmo Berbomo g. 10-202 kab., LT-92221, Klaip\u0117da, Lietuva Tel. Nr. +370 674 05870; info@corpi.lt Duomenys kaupiami ir<\/p>\n","protected":false},"author":1,"featured_media":0,"parent":0,"menu_order":0,"comment_status":"closed","ping_status":"open","template":"","meta":{"footnotes":""},"tags":[],"class_list":["post-388","page","type-page","status-publish","hentry"],"_links":{"self":[{"href":"https:\/\/corpi.lt\/index.php\/wp-json\/wp\/v2\/pages\/388","targetHints":{"allow":["GET"]}}],"collection":[{"href":"https:\/\/corpi.lt\/index.php\/wp-json\/wp\/v2\/pages"}],"about":[{"href":"https:\/\/corpi.lt\/index.php\/wp-json\/wp\/v2\/types\/page"}],"author":[{"embeddable":true,"href":"https:\/\/corpi.lt\/index.php\/wp-json\/wp\/v2\/users\/1"}],"replies":[{"embeddable":true,"href":"https:\/\/corpi.lt\/index.php\/wp-json\/wp\/v2\/comments?post=388"}],"version-history":[{"count":15,"href":"https:\/\/corpi.lt\/index.php\/wp-json\/wp\/v2\/pages\/388\/revisions"}],"predecessor-version":[{"id":2125,"href":"https:\/\/corpi.lt\/index.php\/wp-json\/wp\/v2\/pages\/388\/revisions\/2125"}],"wp:attachment":[{"href":"https:\/\/corpi.lt\/index.php\/wp-json\/wp\/v2\/media?parent=388"}],"wp:term":[{"taxonomy":"post_tag","embeddable":true,"href":"https:\/\/corpi.lt\/index.php\/wp-json\/wp\/v2\/tags?post=388"}],"curies":[{"name":"wp","href":"https:\/\/api.w.org\/{rel}","templated":true}]}}