{"id":341,"date":"2016-03-24T10:05:20","date_gmt":"2016-03-24T08:05:20","guid":{"rendered":"http:\/\/corpi.lt\/?page_id=341"},"modified":"2023-02-16T20:59:05","modified_gmt":"2023-02-16T18:59:05","slug":"vejo-elektriniu-poveikio-vertinimas-triuksmas-seseliavimas-vizualinis-poveikis","status":"publish","type":"page","link":"https:\/\/corpi.lt\/index.php\/paslaugos\/vejo-elektriniu-poveikio-vertinimas-triuksmas-seseliavimas-vizualinis-poveikis\/","title":{"rendered":"V\u0117jo elektrini\u0173 poveikio vertinimas: triuk\u0161mas, \u0161e\u0161\u0117liavimas, vizualinis poveikis"},"content":{"rendered":"<p>Specializuota WindPro (versija 3.0.651) programa atliekame v\u0117jo elektrini\u0173 sukeliamo triuk\u0161mo sklaidos ir \u0161e\u0161\u0117liavimo modeliavim\u0105, planuojam\u0173 v\u0117jo elektrini\u0173 skaitmenin\u0119 vizualizacij\u0105 nuotraukoje.<\/p>\n<p>WindPro programa leid\u017eia skirtingomis aplinkos s\u0105lygomis sumodeliuoti planuojam\u0173 v\u0117jo elektrini\u0173 akustinio triuk\u0161mo sklaid\u0105, nustatyti prognozuojam\u0105 triuk\u0161mo lyg\u012f jautriose teritorijose (pvz. gyvenamosiose sodybose). Akustinio triuk\u0161mo modeliavimai atliekami pagal Europin\u012f ISO 9613-2 standart\u0105.<\/p>\n<h4>\u0160e\u0161\u0117liavimo modeliavimas<\/h4>\n<p>Tai parodo planuojam\u0173 v\u0117jo elektrini\u0173 \u0161e\u0161\u0117liavimo poveikio zonas, nustato \u0161e\u0161\u0117liavimo valandas per metus jautriose teritorijose. \u012evertinus daugiame\u010dius saul\u0117s \u0161vyt\u0117jimo valand\u0173 dienos vidurkio meteorologinius duomenis galima tiksliai nustatyti galim\u0105 \u0161e\u0161\u0117liavimo trukm\u0119 konkre\u010di\u0105 dien\u0105 nurodytoje aplinkoje.<\/p>\n<p>Skaitmenin\u0117 vizualizacija leid\u017eia \u012fvertinti planuojamos v\u0117jo elektrin\u0117s matomum\u0105, vizualin\u0117s tar\u0161os poveik\u012f kra\u0161tovaizd\u017eiui.<\/p>\n<p>\u0160i\u0173 rodikli\u0173 \u012fvertinimas dar ankstyvame planavimo etape gali pad\u0117ti pasirinkti tinkam\u0105 viet\u0105 v\u0117jo elektrini\u0173 \u012frengimui.<\/p>\n<p><a href=\"http:\/\/corpi.lt\/wp-content\/uploads\/2023\/02\/5228.jpg\"><img loading=\"lazy\" decoding=\"async\" src=\"http:\/\/corpi.lt\/wp-content\/uploads\/2023\/02\/5228-1024x683.jpg\" alt=\"VE parkas\" width=\"860\" height=\"574\" class=\"alignnone size-large wp-image-1383\" srcset=\"https:\/\/corpi.lt\/wp-content\/uploads\/2023\/02\/5228-1024x683.jpg 1024w, https:\/\/corpi.lt\/wp-content\/uploads\/2023\/02\/5228-300x200.jpg 300w, https:\/\/corpi.lt\/wp-content\/uploads\/2023\/02\/5228-768x512.jpg 768w, https:\/\/corpi.lt\/wp-content\/uploads\/2023\/02\/5228.jpg 1500w\" sizes=\"auto, (max-width: 860px) 100vw, 860px\" \/><\/a><\/p>\n","protected":false},"excerpt":{"rendered":"<p>Specializuota WindPro (versija 3.0.651) programa atliekame v\u0117jo elektrini\u0173 sukeliamo triuk\u0161mo sklaidos ir \u0161e\u0161\u0117liavimo modeliavim\u0105, planuojam\u0173 v\u0117jo elektrini\u0173 skaitmenin\u0119 vizualizacij\u0105 nuotraukoje. WindPro programa leid\u017eia skirtingomis aplinkos s\u0105lygomis sumodeliuoti planuojam\u0173 v\u0117jo elektrini\u0173 akustinio triuk\u0161mo sklaid\u0105, nustatyti prognozuojam\u0105 triuk\u0161mo lyg\u012f jautriose teritorijose (pvz. gyvenamosiose sodybose). Akustinio triuk\u0161mo modeliavimai atliekami pagal Europin\u012f ISO 9613-2 standart\u0105. \u0160e\u0161\u0117liavimo modeliavimas Tai parodo planuojam\u0173 v\u0117jo elektrini\u0173 \u0161e\u0161\u0117liavimo poveikio<\/p>\n","protected":false},"author":1,"featured_media":0,"parent":228,"menu_order":6,"comment_status":"closed","ping_status":"open","template":"","meta":{"footnotes":""},"tags":[],"class_list":["post-341","page","type-page","status-publish","hentry"],"_links":{"self":[{"href":"https:\/\/corpi.lt\/index.php\/wp-json\/wp\/v2\/pages\/341","targetHints":{"allow":["GET"]}}],"collection":[{"href":"https:\/\/corpi.lt\/index.php\/wp-json\/wp\/v2\/pages"}],"about":[{"href":"https:\/\/corpi.lt\/index.php\/wp-json\/wp\/v2\/types\/page"}],"author":[{"embeddable":true,"href":"https:\/\/corpi.lt\/index.php\/wp-json\/wp\/v2\/users\/1"}],"replies":[{"embeddable":true,"href":"https:\/\/corpi.lt\/index.php\/wp-json\/wp\/v2\/comments?post=341"}],"version-history":[{"count":8,"href":"https:\/\/corpi.lt\/index.php\/wp-json\/wp\/v2\/pages\/341\/revisions"}],"predecessor-version":[{"id":1385,"href":"https:\/\/corpi.lt\/index.php\/wp-json\/wp\/v2\/pages\/341\/revisions\/1385"}],"up":[{"embeddable":true,"href":"https:\/\/corpi.lt\/index.php\/wp-json\/wp\/v2\/pages\/228"}],"wp:attachment":[{"href":"https:\/\/corpi.lt\/index.php\/wp-json\/wp\/v2\/media?parent=341"}],"wp:term":[{"taxonomy":"post_tag","embeddable":true,"href":"https:\/\/corpi.lt\/index.php\/wp-json\/wp\/v2\/tags?post=341"}],"curies":[{"name":"wp","href":"https:\/\/api.w.org\/{rel}","templated":true}]}}