{"id":251,"date":"2016-03-03T21:30:46","date_gmt":"2016-03-03T19:30:46","guid":{"rendered":"http:\/\/corpi.lt\/?page_id=251"},"modified":"2017-10-11T11:07:10","modified_gmt":"2017-10-11T08:07:10","slug":"pavojingu-objektu-saugos-dokumentu-rengimas","status":"publish","type":"page","link":"https:\/\/corpi.lt\/index.php\/paslaugos\/pavojingu-objektu-saugos-dokumentu-rengimas\/","title":{"rendered":"Pavojing\u0173 objekt\u0173 saugos dokument\u0173 rengimas"},"content":{"rendered":"<p><strong>Pavojing\u0173 objekt\u0173 saugos dokument\u0173 rengimas, ekstremali\u0173j\u0173 situacij\u0173 valdymo planai, planuojam\u0173 ir \u016bkini\u0173 veikl\u0173 rizikos analiz\u0117s.<\/strong><\/p>\n<p>Saugos dokumentai pavojingiems objektams (saugos ataskaita (SA), vidaus avarinis planas VAP)) rengiami vadovaujantis Pramonini\u0173 avarij\u0173 prevencijos, likvidavimo ir tyrimo nuostat\u0173 reikalavimais.<\/p>\n<p>Objekto pavojingum\u0105 nustato Pavojing\u0173j\u0173 med\u017eiag\u0173 ir mi\u0161ini\u0173 s\u0105ra\u0161as. J\u0173 kvalifikacini\u0173 kieki\u0173 nustatymo ir chemini\u0173 med\u017eiag\u0173 bei mi\u0161ini\u0173 priskyrimo pavojingosioms med\u017eiagoms kriterij\u0173 apra\u0161e nurodyti saugom\u0173 ir naudojam\u0173 pavojing\u0173 med\u017eiag\u0173 kiekiai.<\/p>\n<h4>Saugos ataskaitos ir vidaus avariniai planai<\/h4>\n<p>Rengiami prisilaikant prie\u0161gaisrin\u0117s saugos ir gelb\u0117jimo departamento direktoriaus patvirtintose rekomendacijose pateiktais reikalavimais \u0161i\u0173 dokument\u0173 strukt\u016brai, reikalavimais rizikos analizei ir naudojant rekomenduojamus rizikos vertinimo metodus.<\/p>\n<h4>Ekstremali\u0173 situacij\u0173 valdymo planai (ESVP)<\/h4>\n<p>Rengiami \u012fstaigoms ir organizacijoms, atitinkan\u010dioms kriterijus \u016bkio subjektams ir kitoms \u012fstaigoms, kuri\u0173 vadovai turi organizuoti ekstremali\u0173j\u0173 situacij\u0173 valdymo plan\u0173 rengim\u0105, derinim\u0105 ir tvirtinim\u0105.<\/p>\n<p>Ekstremali\u0173 situacij\u0173 valdymo planai ir j\u0173 parengimui reikalingos rizikos analiz\u0117s atliekami vadovaujantis civilin\u0117s saugos \u012fstatyme ir kituose teis\u0117s aktuose nustatytais reikalavimais.<\/p>\n<h4><strong>Teikiamos paslaugos:<\/strong><\/h4>\n<ul>\n<li>pavojing\u0173 objekt\u0173\n<ul>\n<li>saugos ataskait\u0173 rengimas ir derinimas;<\/li>\n<li>vidaus avarini\u0173 plan\u0173 rengimas ir derinimas;<\/li>\n<\/ul>\n<\/li>\n<li>pavojing\u0173 objekt\u0173, veikl\u0173 ir technologij\u0173, taip pat planuojam\u0173 \u016bkini\u0173 veikl\u0173 rizikos analiz\u0117s;<\/li>\n<li>ekstremali\u0173j\u0173 situacij\u0173 valdymo plan\u0173 rengimas;<\/li>\n<li>Sprogi\u0173 zon\u0173 nustatymas ir klasifikavimas.<\/li>\n<\/ul>\n","protected":false},"excerpt":{"rendered":"<p>Pavojing\u0173 objekt\u0173 saugos dokument\u0173 rengimas, ekstremali\u0173j\u0173 situacij\u0173 valdymo planai, planuojam\u0173 ir \u016bkini\u0173 veikl\u0173 rizikos analiz\u0117s. Saugos dokumentai pavojingiems objektams (saugos ataskaita (SA), vidaus avarinis planas VAP)) rengiami vadovaujantis Pramonini\u0173 avarij\u0173 prevencijos, likvidavimo ir tyrimo nuostat\u0173 reikalavimais. Objekto pavojingum\u0105 nustato Pavojing\u0173j\u0173 med\u017eiag\u0173 ir mi\u0161ini\u0173 s\u0105ra\u0161as. J\u0173 kvalifikacini\u0173 kieki\u0173 nustatymo ir chemini\u0173 med\u017eiag\u0173 bei mi\u0161ini\u0173 priskyrimo pavojingosioms med\u017eiagoms kriterij\u0173 apra\u0161e nurodyti saugom\u0173<\/p>\n","protected":false},"author":1,"featured_media":0,"parent":228,"menu_order":3,"comment_status":"closed","ping_status":"open","template":"","meta":{"footnotes":""},"tags":[],"class_list":["post-251","page","type-page","status-publish","hentry"],"_links":{"self":[{"href":"https:\/\/corpi.lt\/index.php\/wp-json\/wp\/v2\/pages\/251","targetHints":{"allow":["GET"]}}],"collection":[{"href":"https:\/\/corpi.lt\/index.php\/wp-json\/wp\/v2\/pages"}],"about":[{"href":"https:\/\/corpi.lt\/index.php\/wp-json\/wp\/v2\/types\/page"}],"author":[{"embeddable":true,"href":"https:\/\/corpi.lt\/index.php\/wp-json\/wp\/v2\/users\/1"}],"replies":[{"embeddable":true,"href":"https:\/\/corpi.lt\/index.php\/wp-json\/wp\/v2\/comments?post=251"}],"version-history":[{"count":10,"href":"https:\/\/corpi.lt\/index.php\/wp-json\/wp\/v2\/pages\/251\/revisions"}],"predecessor-version":[{"id":682,"href":"https:\/\/corpi.lt\/index.php\/wp-json\/wp\/v2\/pages\/251\/revisions\/682"}],"up":[{"embeddable":true,"href":"https:\/\/corpi.lt\/index.php\/wp-json\/wp\/v2\/pages\/228"}],"wp:attachment":[{"href":"https:\/\/corpi.lt\/index.php\/wp-json\/wp\/v2\/media?parent=251"}],"wp:term":[{"taxonomy":"post_tag","embeddable":true,"href":"https:\/\/corpi.lt\/index.php\/wp-json\/wp\/v2\/tags?post=251"}],"curies":[{"name":"wp","href":"https:\/\/api.w.org\/{rel}","templated":true}]}}