{"id":240,"date":"2016-03-03T20:56:43","date_gmt":"2016-03-03T18:56:43","guid":{"rendered":"http:\/\/corpi.lt\/?page_id=240"},"modified":"2017-10-11T10:54:56","modified_gmt":"2017-10-11T07:54:56","slug":"gis-taikymas","status":"publish","type":"page","link":"https:\/\/corpi.lt\/index.php\/paslaugos\/gis-taikymas\/","title":{"rendered":"GIS taikymas"},"content":{"rendered":"<h4><strong>Geografin\u0117 informacin\u0117 Sistema (GIS)<\/strong><\/h4>\n<p>Tai sistema, skirta darbui su erdvinio pob\u016bd\u017eio informacija, skaitmenini\u0173, koordinuot\u0173 erdv\u0117je duomen\u0173 kaupimui, saugojimui, vaizdavimui, redagavimai ir analizei.<\/p>\n<h4>Teikiamos paslaugos:<\/h4>\n<ul>\n<li>\u017eem\u0117lapi\u0173 ir batimetrini\u0173 schem\u0173 sudarymas;<\/li>\n<li>geografini\u0173 duomen\u0173 analiz\u0117, palyginimas ir atvaizdavimas;<\/li>\n<li>reljefo ir vandens basein\u0173 dugno morfologijos poky\u010di\u0173 analiz\u0117 ir t\u016bri\u0173 skai\u010diavimas;<\/li>\n<li>kra\u0161tovaizd\u017eio trima\u010di\u0173 modeli\u0173 sudarymas;<\/li>\n<li>vizualin\u0117s tar\u0161os analiz\u0117.<\/li>\n<\/ul>\n","protected":false},"excerpt":{"rendered":"<p>Geografin\u0117 informacin\u0117 Sistema (GIS) Tai sistema, skirta darbui su erdvinio pob\u016bd\u017eio informacija, skaitmenini\u0173, koordinuot\u0173 erdv\u0117je duomen\u0173 kaupimui, saugojimui, vaizdavimui, redagavimai ir analizei. Teikiamos paslaugos: \u017eem\u0117lapi\u0173 ir batimetrini\u0173 schem\u0173 sudarymas; geografini\u0173 duomen\u0173 analiz\u0117, palyginimas ir atvaizdavimas; reljefo ir vandens basein\u0173 dugno morfologijos poky\u010di\u0173 analiz\u0117 ir t\u016bri\u0173 skai\u010diavimas; kra\u0161tovaizd\u017eio trima\u010di\u0173 modeli\u0173 sudarymas; vizualin\u0117s tar\u0161os analiz\u0117.<\/p>\n","protected":false},"author":1,"featured_media":0,"parent":228,"menu_order":7,"comment_status":"closed","ping_status":"open","template":"","meta":{"footnotes":""},"tags":[],"class_list":["post-240","page","type-page","status-publish","hentry"],"_links":{"self":[{"href":"https:\/\/corpi.lt\/index.php\/wp-json\/wp\/v2\/pages\/240","targetHints":{"allow":["GET"]}}],"collection":[{"href":"https:\/\/corpi.lt\/index.php\/wp-json\/wp\/v2\/pages"}],"about":[{"href":"https:\/\/corpi.lt\/index.php\/wp-json\/wp\/v2\/types\/page"}],"author":[{"embeddable":true,"href":"https:\/\/corpi.lt\/index.php\/wp-json\/wp\/v2\/users\/1"}],"replies":[{"embeddable":true,"href":"https:\/\/corpi.lt\/index.php\/wp-json\/wp\/v2\/comments?post=240"}],"version-history":[{"count":4,"href":"https:\/\/corpi.lt\/index.php\/wp-json\/wp\/v2\/pages\/240\/revisions"}],"predecessor-version":[{"id":674,"href":"https:\/\/corpi.lt\/index.php\/wp-json\/wp\/v2\/pages\/240\/revisions\/674"}],"up":[{"embeddable":true,"href":"https:\/\/corpi.lt\/index.php\/wp-json\/wp\/v2\/pages\/228"}],"wp:attachment":[{"href":"https:\/\/corpi.lt\/index.php\/wp-json\/wp\/v2\/media?parent=240"}],"wp:term":[{"taxonomy":"post_tag","embeddable":true,"href":"https:\/\/corpi.lt\/index.php\/wp-json\/wp\/v2\/tags?post=240"}],"curies":[{"name":"wp","href":"https:\/\/api.w.org\/{rel}","templated":true}]}}