{"id":237,"date":"2016-03-03T20:55:43","date_gmt":"2016-03-03T18:55:43","guid":{"rendered":"http:\/\/corpi.lt\/?page_id=237"},"modified":"2023-02-16T20:57:50","modified_gmt":"2023-02-16T18:57:50","slug":"aplinkos-oro-tarsos-kvapu-ir-triuksmo-modeliavimas","status":"publish","type":"page","link":"https:\/\/corpi.lt\/index.php\/paslaugos\/aplinkos-oro-tarsos-kvapu-ir-triuksmo-modeliavimas\/","title":{"rendered":"Aplinkos oro tar\u0161os, kvap\u0173 ir triuk\u0161mo modeliavimas"},"content":{"rendered":"<p><strong>Specializuotomis programomis modeliuojame aplinkos oro ter\u0161al\u0173 ir kvap\u0173 sklaid\u0105, triuk\u0161m\u0105, paruo\u0161iame kokybi\u0161kus sklaidos \u017eem\u0117lapius.<\/strong> Ilgamet\u0117 darbo patirtis \u012fvairi\u0173 esam\u0173 ir planuojam\u0173 veikl\u0173 chemini\u0173 ir fizikini\u0173 veiksni\u0173 vertinime leid\u017eia kokybi\u0161kai ir greitai atlikti modeliavimo darbus. Esant poreikiui, galime u\u017esakovui rekomenduoti poveikio ma\u017einimo priemones ir \/arba \u012fvertinti numatom\u0173 aplinkosaugini\u0173 priemoni\u0173 veiksmingum\u0105.<\/p>\n<h4><strong>Paslaugos:<\/strong><\/h4>\n<ul>\n<li>oro tar\u0161os emisij\u0173 skai\u010diavimas, ter\u0161al\u0173 sklaidos modeliavimas ir \u012fvertinimas, ataskait\u0173 parengimas;<\/li>\n<li>tar\u0161os kvapais vertinimas, kvap\u0173 sklaidos modeliavimas, ataskait\u0173 parengimas;<\/li>\n<li>triuk\u0161mo \u0161altini\u0173 \u012fvertinimas, triuk\u0161mo lygi\u0173 aplinkoje modeliavimas.<\/li>\n<\/ul>\n","protected":false},"excerpt":{"rendered":"<p>Specializuotomis programomis modeliuojame aplinkos oro ter\u0161al\u0173 ir kvap\u0173 sklaid\u0105, triuk\u0161m\u0105, paruo\u0161iame kokybi\u0161kus sklaidos \u017eem\u0117lapius. Ilgamet\u0117 darbo patirtis \u012fvairi\u0173 esam\u0173 ir planuojam\u0173 veikl\u0173 chemini\u0173 ir fizikini\u0173 veiksni\u0173 vertinime leid\u017eia kokybi\u0161kai ir greitai atlikti modeliavimo darbus. Esant poreikiui, galime u\u017esakovui rekomenduoti poveikio ma\u017einimo priemones ir \/arba \u012fvertinti numatom\u0173 aplinkosaugini\u0173 priemoni\u0173 veiksmingum\u0105. Paslaugos: oro tar\u0161os emisij\u0173 skai\u010diavimas, ter\u0161al\u0173 sklaidos modeliavimas ir \u012fvertinimas, ataskait\u0173<\/p>\n","protected":false},"author":1,"featured_media":0,"parent":228,"menu_order":5,"comment_status":"closed","ping_status":"open","template":"","meta":{"footnotes":""},"tags":[],"class_list":["post-237","page","type-page","status-publish","hentry"],"_links":{"self":[{"href":"https:\/\/corpi.lt\/index.php\/wp-json\/wp\/v2\/pages\/237","targetHints":{"allow":["GET"]}}],"collection":[{"href":"https:\/\/corpi.lt\/index.php\/wp-json\/wp\/v2\/pages"}],"about":[{"href":"https:\/\/corpi.lt\/index.php\/wp-json\/wp\/v2\/types\/page"}],"author":[{"embeddable":true,"href":"https:\/\/corpi.lt\/index.php\/wp-json\/wp\/v2\/users\/1"}],"replies":[{"embeddable":true,"href":"https:\/\/corpi.lt\/index.php\/wp-json\/wp\/v2\/comments?post=237"}],"version-history":[{"count":10,"href":"https:\/\/corpi.lt\/index.php\/wp-json\/wp\/v2\/pages\/237\/revisions"}],"predecessor-version":[{"id":1381,"href":"https:\/\/corpi.lt\/index.php\/wp-json\/wp\/v2\/pages\/237\/revisions\/1381"}],"up":[{"embeddable":true,"href":"https:\/\/corpi.lt\/index.php\/wp-json\/wp\/v2\/pages\/228"}],"wp:attachment":[{"href":"https:\/\/corpi.lt\/index.php\/wp-json\/wp\/v2\/media?parent=237"}],"wp:term":[{"taxonomy":"post_tag","embeddable":true,"href":"https:\/\/corpi.lt\/index.php\/wp-json\/wp\/v2\/tags?post=237"}],"curies":[{"name":"wp","href":"https:\/\/api.w.org\/{rel}","templated":true}]}}