{"id":228,"date":"2016-03-03T20:34:50","date_gmt":"2016-03-03T18:34:50","guid":{"rendered":"http:\/\/corpi.lt\/?page_id=228"},"modified":"2023-02-15T17:07:27","modified_gmt":"2023-02-15T15:07:27","slug":"paslaugos","status":"publish","type":"page","link":"https:\/\/corpi.lt\/index.php\/paslaugos\/","title":{"rendered":"Paslaugos"},"content":{"rendered":"<h4>PTPI teikiamos paslaugos fiziniams ir juridiniams subjektams:<\/h4>\n\n<!-- Page-list plugin v.5.7 wordpress.org\/plugins\/page-list\/ -->\n<ul class=\"page-list subpages-page-list \">\n<li class=\"page_item page-item-218\"><a href=\"https:\/\/corpi.lt\/index.php\/paslaugos\/poveikio-aplinkai-vertinimas-pav\/\">Poveikio aplinkai vertinimas (PAV)<\/a><\/li>\n<li class=\"page_item page-item-220\"><a href=\"https:\/\/corpi.lt\/index.php\/paslaugos\/poveikio-visuomenes-sveikatai-vertinimas-pvsv-ir-sanitarines-apsaugos-zonos-saz-nustatymas\/\">Poveikio visuomen\u0117s sveikatai vertinimas (PVSV) ir sanitarin\u0117s apsaugos zonos (SAZ) nustatymas<\/a><\/li>\n<li class=\"page_item page-item-222\"><a href=\"https:\/\/corpi.lt\/index.php\/paslaugos\/strateginis-pasekmiu-aplinkai-vertinimas-spav\/\">Strateginis pasekmi\u0173 aplinkai vertinimas (SPAV)<\/a><\/li>\n<li class=\"page_item page-item-251\"><a href=\"https:\/\/corpi.lt\/index.php\/paslaugos\/pavojingu-objektu-saugos-dokumentu-rengimas\/\">Pavojing\u0173 objekt\u0173 saugos dokument\u0173 rengimas<\/a><\/li>\n<li class=\"page_item page-item-224\"><a href=\"https:\/\/corpi.lt\/index.php\/paslaugos\/saugomu-teritoriju-planavimo-dokumentu-rengimas\/\">Saugom\u0173 teritorij\u0173 planavimo dokument\u0173 rengimas<\/a><\/li>\n<li class=\"page_item page-item-237\"><a href=\"https:\/\/corpi.lt\/index.php\/paslaugos\/aplinkos-oro-tarsos-kvapu-ir-triuksmo-modeliavimas\/\">Aplinkos oro tar\u0161os, kvap\u0173 ir triuk\u0161mo modeliavimas<\/a><\/li>\n<li class=\"page_item page-item-341\"><a href=\"https:\/\/corpi.lt\/index.php\/paslaugos\/vejo-elektriniu-poveikio-vertinimas-triuksmas-seseliavimas-vizualinis-poveikis\/\">V\u0117jo elektrini\u0173 poveikio vertinimas: triuk\u0161mas, \u0161e\u0161\u0117liavimas, vizualinis poveikis<\/a><\/li>\n<li class=\"page_item page-item-240\"><a href=\"https:\/\/corpi.lt\/index.php\/paslaugos\/gis-taikymas\/\">GIS taikymas<\/a><\/li>\n<li class=\"page_item page-item-243\"><a href=\"https:\/\/corpi.lt\/index.php\/paslaugos\/aplinkos-monitoringas\/\">Aplinkos monitoringas<\/a><\/li>\n<li class=\"page_item page-item-254\"><a href=\"https:\/\/corpi.lt\/index.php\/paslaugos\/tyrimai\/\">Tyrimai<\/a><\/li>\n<li class=\"page_item page-item-941\"><a href=\"https:\/\/corpi.lt\/index.php\/paslaugos\/ornitologines-ekspertizes-del-medziu-kirtimo\/\">Ornitologin\u0117s ekspertiz\u0117s d\u0117l med\u017ei\u0173 kirtimo<\/a><\/li>\n\n<\/ul>\n","protected":false},"excerpt":{"rendered":"<p>PTPI teikiamos paslaugos fiziniams ir juridiniams subjektams:<\/p>\n","protected":false},"author":1,"featured_media":0,"parent":0,"menu_order":0,"comment_status":"closed","ping_status":"open","template":"","meta":{"footnotes":""},"tags":[],"class_list":["post-228","page","type-page","status-publish","hentry"],"_links":{"self":[{"href":"https:\/\/corpi.lt\/index.php\/wp-json\/wp\/v2\/pages\/228","targetHints":{"allow":["GET"]}}],"collection":[{"href":"https:\/\/corpi.lt\/index.php\/wp-json\/wp\/v2\/pages"}],"about":[{"href":"https:\/\/corpi.lt\/index.php\/wp-json\/wp\/v2\/types\/page"}],"author":[{"embeddable":true,"href":"https:\/\/corpi.lt\/index.php\/wp-json\/wp\/v2\/users\/1"}],"replies":[{"embeddable":true,"href":"https:\/\/corpi.lt\/index.php\/wp-json\/wp\/v2\/comments?post=228"}],"version-history":[{"count":13,"href":"https:\/\/corpi.lt\/index.php\/wp-json\/wp\/v2\/pages\/228\/revisions"}],"predecessor-version":[{"id":584,"href":"https:\/\/corpi.lt\/index.php\/wp-json\/wp\/v2\/pages\/228\/revisions\/584"}],"wp:attachment":[{"href":"https:\/\/corpi.lt\/index.php\/wp-json\/wp\/v2\/media?parent=228"}],"wp:term":[{"taxonomy":"post_tag","embeddable":true,"href":"https:\/\/corpi.lt\/index.php\/wp-json\/wp\/v2\/tags?post=228"}],"curies":[{"name":"wp","href":"https:\/\/api.w.org\/{rel}","templated":true}]}}