{"id":224,"date":"2016-03-03T20:27:07","date_gmt":"2016-03-03T18:27:07","guid":{"rendered":"http:\/\/corpi.lt\/?page_id=224"},"modified":"2017-10-11T12:19:46","modified_gmt":"2017-10-11T09:19:46","slug":"saugomu-teritoriju-planavimo-dokumentu-rengimas","status":"publish","type":"page","link":"https:\/\/corpi.lt\/index.php\/paslaugos\/saugomu-teritoriju-planavimo-dokumentu-rengimas\/","title":{"rendered":"Saugom\u0173 teritorij\u0173 planavimo dokument\u0173 rengimas"},"content":{"rendered":"<p>Saugom\u0173 teritorij\u0173 planavimo dokumentuose pateikiama informacija apie saugomos teritorijos nat\u016brali\u0173 gamtini\u0173 buveini\u0173 b\u016bkl\u0119, saugom\u0173 gyv\u016bn\u0173, augal\u0173 ir gryb\u0173 r\u016b\u0161i\u0173 populiacij\u0173 b\u016bkl\u0119. \u012evertinamos gamtosaugin\u0117s problemos bei pateikiami j\u0173 sprendimo b\u016bdai, teritorij\u0173 tvarkymo priemon\u0117s ir kt. Parengti dokumentai suderinami su atsakingomis institucijomis.<\/p>\n<h4><strong>Teikiamos paslaugos:<\/strong><\/h4>\n<ul>\n<li>gamtosaugini\u0173 projekt\u0173 ir gamtotvarkos plan\u0173 rengimas;<\/li>\n<li>degradavusi\u0173 teritorij\u0173 rekultivacijos projekt\u0173 rengimas;<\/li>\n<li>saugom\u0173 teritorij\u0173 gamtotvarkos plan\u0173 \u012fgyvendinimo organizavimas;<\/li>\n<li>saugom\u0173 r\u016b\u0161i\u0173, verting\u0173 gamtini\u0173 buveini\u0173, ekosistem\u0173, miest\u0173 ir rajon\u0173 savivaldybi\u0173 aplinkos monitoringo program\u0173 rengimas, j\u0173 vykdymo organizavimas;<\/li>\n<li>biologin\u0117s \u012fvairov\u0117s tyrimai: augal\u0173, gyv\u016bn\u0173 (stuburini\u0173, bestuburi\u0173) taksonominis identifikavimas, populiacij\u0173 b\u016bkl\u0117s vertinimas;<\/li>\n<li>nat\u016brali\u0173 gamtini\u0173 buveini\u0173, taip pat ir Natura 2000 identifikavimas, b\u016bkl\u0117s vertinimas;<\/li>\n<li>konsultacijos aplinkosaugos, botanikos, zoologijos, ekologijos, geologijos srityse;<\/li>\n<li>aplinkosaugini\u0173 informacini\u0173, edukacini\u0173 leidini\u0173 rengimas, gamtosaugin\u0117s paskaitos;<\/li>\n<li>aplinkosaugini\u0173 informacini\u0173 sistem\u0173 k\u016brimas.<\/li>\n<\/ul>\n","protected":false},"excerpt":{"rendered":"<p>Saugom\u0173 teritorij\u0173 planavimo dokumentuose pateikiama informacija apie saugomos teritorijos nat\u016brali\u0173 gamtini\u0173 buveini\u0173 b\u016bkl\u0119, saugom\u0173 gyv\u016bn\u0173, augal\u0173 ir gryb\u0173 r\u016b\u0161i\u0173 populiacij\u0173 b\u016bkl\u0119. \u012evertinamos gamtosaugin\u0117s problemos bei pateikiami j\u0173 sprendimo b\u016bdai, teritorij\u0173 tvarkymo priemon\u0117s ir kt. Parengti dokumentai suderinami su atsakingomis institucijomis. Teikiamos paslaugos: gamtosaugini\u0173 projekt\u0173 ir gamtotvarkos plan\u0173 rengimas; degradavusi\u0173 teritorij\u0173 rekultivacijos projekt\u0173 rengimas; saugom\u0173 teritorij\u0173 gamtotvarkos plan\u0173 \u012fgyvendinimo organizavimas; saugom\u0173<\/p>\n","protected":false},"author":1,"featured_media":0,"parent":228,"menu_order":4,"comment_status":"closed","ping_status":"open","template":"","meta":{"footnotes":""},"tags":[],"class_list":["post-224","page","type-page","status-publish","hentry"],"_links":{"self":[{"href":"https:\/\/corpi.lt\/index.php\/wp-json\/wp\/v2\/pages\/224","targetHints":{"allow":["GET"]}}],"collection":[{"href":"https:\/\/corpi.lt\/index.php\/wp-json\/wp\/v2\/pages"}],"about":[{"href":"https:\/\/corpi.lt\/index.php\/wp-json\/wp\/v2\/types\/page"}],"author":[{"embeddable":true,"href":"https:\/\/corpi.lt\/index.php\/wp-json\/wp\/v2\/users\/1"}],"replies":[{"embeddable":true,"href":"https:\/\/corpi.lt\/index.php\/wp-json\/wp\/v2\/comments?post=224"}],"version-history":[{"count":3,"href":"https:\/\/corpi.lt\/index.php\/wp-json\/wp\/v2\/pages\/224\/revisions"}],"predecessor-version":[{"id":687,"href":"https:\/\/corpi.lt\/index.php\/wp-json\/wp\/v2\/pages\/224\/revisions\/687"}],"up":[{"embeddable":true,"href":"https:\/\/corpi.lt\/index.php\/wp-json\/wp\/v2\/pages\/228"}],"wp:attachment":[{"href":"https:\/\/corpi.lt\/index.php\/wp-json\/wp\/v2\/media?parent=224"}],"wp:term":[{"taxonomy":"post_tag","embeddable":true,"href":"https:\/\/corpi.lt\/index.php\/wp-json\/wp\/v2\/tags?post=224"}],"curies":[{"name":"wp","href":"https:\/\/api.w.org\/{rel}","templated":true}]}}