{"id":222,"date":"2016-03-03T20:25:30","date_gmt":"2016-03-03T18:25:30","guid":{"rendered":"http:\/\/corpi.lt\/?page_id=222"},"modified":"2023-02-16T20:55:02","modified_gmt":"2023-02-16T18:55:02","slug":"strateginis-pasekmiu-aplinkai-vertinimas-spav","status":"publish","type":"page","link":"https:\/\/corpi.lt\/index.php\/paslaugos\/strateginis-pasekmiu-aplinkai-vertinimas-spav\/","title":{"rendered":"Strateginis pasekmi\u0173 aplinkai vertinimas (SPAV)"},"content":{"rendered":"<h4><strong>Strateginis pasekmi\u0173 aplinkai vertinimas<\/strong><\/h4>\n<p>SPAV \u2013 planavimo proceso dalis.\u00a0 Jo metu nustatomos, apib\u016bdinamos ir \u012fvertinamos galimos reik\u0161mingos plan\u0173 ir program\u0173 \u012fgyvendinimo pasekm\u0117s aplinkai.<\/p>\n<p>Rengdami strateginio pasekmi\u0173 aplinkai vertinimo dokumentus siekiame plan\u0173 ar program\u0173 organizatoriams pateikti informacij\u0105 apie galimas reik\u0161mingas \u012fgyvendinimo pasekmes aplinkai. <\/p>\n<p>Organizuojame ir atliekame reikaling\u0105 konsultavim\u0105si su visuomene, valstyb\u0117s ir savivaldybi\u0173 institucijomis.<\/p>\n","protected":false},"excerpt":{"rendered":"<p>Strateginis pasekmi\u0173 aplinkai vertinimas SPAV \u2013 planavimo proceso dalis.\u00a0 Jo metu nustatomos, apib\u016bdinamos ir \u012fvertinamos galimos reik\u0161mingos plan\u0173 ir program\u0173 \u012fgyvendinimo pasekm\u0117s aplinkai. Rengdami strateginio pasekmi\u0173 aplinkai vertinimo dokumentus siekiame plan\u0173 ar program\u0173 organizatoriams pateikti informacij\u0105 apie galimas reik\u0161mingas \u012fgyvendinimo pasekmes aplinkai. Organizuojame ir atliekame reikaling\u0105 konsultavim\u0105si su visuomene, valstyb\u0117s ir savivaldybi\u0173 institucijomis.<\/p>\n","protected":false},"author":1,"featured_media":0,"parent":228,"menu_order":2,"comment_status":"closed","ping_status":"open","template":"","meta":{"footnotes":""},"tags":[],"class_list":["post-222","page","type-page","status-publish","hentry"],"_links":{"self":[{"href":"https:\/\/corpi.lt\/index.php\/wp-json\/wp\/v2\/pages\/222","targetHints":{"allow":["GET"]}}],"collection":[{"href":"https:\/\/corpi.lt\/index.php\/wp-json\/wp\/v2\/pages"}],"about":[{"href":"https:\/\/corpi.lt\/index.php\/wp-json\/wp\/v2\/types\/page"}],"author":[{"embeddable":true,"href":"https:\/\/corpi.lt\/index.php\/wp-json\/wp\/v2\/users\/1"}],"replies":[{"embeddable":true,"href":"https:\/\/corpi.lt\/index.php\/wp-json\/wp\/v2\/comments?post=222"}],"version-history":[{"count":9,"href":"https:\/\/corpi.lt\/index.php\/wp-json\/wp\/v2\/pages\/222\/revisions"}],"predecessor-version":[{"id":1386,"href":"https:\/\/corpi.lt\/index.php\/wp-json\/wp\/v2\/pages\/222\/revisions\/1386"}],"up":[{"embeddable":true,"href":"https:\/\/corpi.lt\/index.php\/wp-json\/wp\/v2\/pages\/228"}],"wp:attachment":[{"href":"https:\/\/corpi.lt\/index.php\/wp-json\/wp\/v2\/media?parent=222"}],"wp:term":[{"taxonomy":"post_tag","embeddable":true,"href":"https:\/\/corpi.lt\/index.php\/wp-json\/wp\/v2\/tags?post=222"}],"curies":[{"name":"wp","href":"https:\/\/api.w.org\/{rel}","templated":true}]}}