{"id":220,"date":"2016-03-03T20:24:49","date_gmt":"2016-03-03T18:24:49","guid":{"rendered":"http:\/\/corpi.lt\/?page_id=220"},"modified":"2023-02-15T17:27:30","modified_gmt":"2023-02-15T15:27:30","slug":"poveikio-visuomenes-sveikatai-vertinimas-pvsv-ir-sanitarines-apsaugos-zonos-saz-nustatymas","status":"publish","type":"page","link":"https:\/\/corpi.lt\/index.php\/paslaugos\/poveikio-visuomenes-sveikatai-vertinimas-pvsv-ir-sanitarines-apsaugos-zonos-saz-nustatymas\/","title":{"rendered":"Poveikio visuomen\u0117s sveikatai vertinimas (PVSV) ir sanitarin\u0117s apsaugos zonos (SAZ) nustatymas"},"content":{"rendered":"<p>Valstybin\u0117 akreditavimo sveikatos prie\u017ei\u016bros veiklai tarnyba prie Sveikatos apsaugos ministerijos suteik\u0117 teis\u0119 V\u0161\u012e Paj\u016brio tyrim\u0173 ir planavimo institutui, kodas 303211151 verstis poveikio visuomen\u0117s sveikatos vertinimu (2014-01-28, Nr. VSL-412).<\/p>\n<h4><strong>Poveikio visuomen\u0117s sveikatai vertinimas<\/strong> (PVSV)<\/h4>\n<p>Tai planuojamos \u016bkin\u0117s veiklos veiksni\u0173, daran\u010di\u0173 \u012ftak\u0105 visuomen\u0117s sveikatai, poveikio sveikatai nustatymo, apib\u016bdinimo ir vertinimo procesas.<\/p>\n<h4>Poveikio visuomen\u0117s sveikatai vertinimas atliekamas siekiant<\/h4>\n<ul>\n<li>nustatyti, apib\u016bdinti ir \u012fvertinti galim\u0105 \u016bkin\u0117s veiklos poveik\u012f visuomen\u0117s sveikatai,<\/li>\n<li>pasi\u016blyti pa\u0161alinti arba suma\u017einti kenksming\u0105 planuojamos \u016bkin\u0117s veiklos poveik\u012f visuomen\u0117s sveikatai tinkamomis priemon\u0117mis,<\/li>\n<li>nustatyti arba patikslinti sanitarin\u0117s apsaugos zonos ribas.<\/li>\n<\/ul>\n<p>Taikome matematinio modeliavimo metodus kart\u0173 su sukaupta i\u0161samia duomen\u0173 baze apie \u012fvairi\u0173 \u016bkini\u0173 veikl\u0173 ir aplinkos veiksni\u0173 poveik\u012f visuomen\u0117s sveikatai. Galime u\u017etikrinti greit\u0105 ir kokybi\u0161k\u0105 PVSV \u012fvertinim\u0105 bei ataskait\u0173 parengim\u0105, skland\u0173 reikaling\u0173 proced\u016br\u0173 \u012fvykdym\u0105.<\/p>\n","protected":false},"excerpt":{"rendered":"<p>Valstybin\u0117 akreditavimo sveikatos prie\u017ei\u016bros veiklai tarnyba prie Sveikatos apsaugos ministerijos suteik\u0117 teis\u0119 V\u0161\u012e Paj\u016brio tyrim\u0173 ir planavimo institutui, kodas 303211151 verstis poveikio visuomen\u0117s sveikatos vertinimu (2014-01-28, Nr. VSL-412). Poveikio visuomen\u0117s sveikatai vertinimas (PVSV) Tai planuojamos \u016bkin\u0117s veiklos veiksni\u0173, daran\u010di\u0173 \u012ftak\u0105 visuomen\u0117s sveikatai, poveikio sveikatai nustatymo, apib\u016bdinimo ir vertinimo procesas. Poveikio visuomen\u0117s sveikatai vertinimas atliekamas siekiant nustatyti, apib\u016bdinti ir \u012fvertinti galim\u0105<\/p>\n","protected":false},"author":1,"featured_media":0,"parent":228,"menu_order":1,"comment_status":"closed","ping_status":"open","template":"","meta":{"footnotes":""},"tags":[15,13],"class_list":["post-220","page","type-page","status-publish","hentry","tag-paslaugos","tag-pvsv"],"_links":{"self":[{"href":"https:\/\/corpi.lt\/index.php\/wp-json\/wp\/v2\/pages\/220","targetHints":{"allow":["GET"]}}],"collection":[{"href":"https:\/\/corpi.lt\/index.php\/wp-json\/wp\/v2\/pages"}],"about":[{"href":"https:\/\/corpi.lt\/index.php\/wp-json\/wp\/v2\/types\/page"}],"author":[{"embeddable":true,"href":"https:\/\/corpi.lt\/index.php\/wp-json\/wp\/v2\/users\/1"}],"replies":[{"embeddable":true,"href":"https:\/\/corpi.lt\/index.php\/wp-json\/wp\/v2\/comments?post=220"}],"version-history":[{"count":11,"href":"https:\/\/corpi.lt\/index.php\/wp-json\/wp\/v2\/pages\/220\/revisions"}],"predecessor-version":[{"id":1347,"href":"https:\/\/corpi.lt\/index.php\/wp-json\/wp\/v2\/pages\/220\/revisions\/1347"}],"up":[{"embeddable":true,"href":"https:\/\/corpi.lt\/index.php\/wp-json\/wp\/v2\/pages\/228"}],"wp:attachment":[{"href":"https:\/\/corpi.lt\/index.php\/wp-json\/wp\/v2\/media?parent=220"}],"wp:term":[{"taxonomy":"post_tag","embeddable":true,"href":"https:\/\/corpi.lt\/index.php\/wp-json\/wp\/v2\/tags?post=220"}],"curies":[{"name":"wp","href":"https:\/\/api.w.org\/{rel}","templated":true}]}}