{"id":218,"date":"2016-03-03T20:23:53","date_gmt":"2016-03-03T18:23:53","guid":{"rendered":"http:\/\/corpi.lt\/?page_id=218"},"modified":"2024-02-02T10:00:27","modified_gmt":"2024-02-02T08:00:27","slug":"poveikio-aplinkai-vertinimas-pav","status":"publish","type":"page","link":"https:\/\/corpi.lt\/index.php\/paslaugos\/poveikio-aplinkai-vertinimas-pav\/","title":{"rendered":"Poveikio aplinkai vertinimas (PAV)"},"content":{"rendered":"<h4><strong>Kas yra poveikio aplinkai vertinimas?<\/strong><\/h4>\n<p>Poveikio aplinkai vertinimas (PAV) \u2013 konkre\u010dios planuojamos \u016bkin\u0117s veiklos potencialaus poveikio aplinkai numatymo, apib\u016bdinimo ir \u012fvertinimo procesas. PAV metu analizuojamas galimas tiesioginis ir netiesioginis planuojamos \u016bkin\u0117s veiklos poveikis aplinkai, nagrin\u0117jamos poveikio suma\u017einimo ar kompensavimo priemon\u0117s bei alternatyvos.<\/p>\n<p>Poveikio aplinkai vertinimas reglamentuojamas Lietuvos respublikos Planuojamos \u016bkin\u0117s veiklos poveikio aplinkai vertinimo \u012fstatymu (<a href=\"https:\/\/e-seimas.lrs.lt\/portal\/legalAct\/lt\/TAD\/TAIS.30545\/asr\" target=\"_blank\" rel=\"noopener\">suvestin\u0117 redakcija nuo 2023 met\u0173 bir\u017eelio 23 d.<\/a>). \u0160io \u012fstatymo 1 priede nurodomos <strong>veiklos, kurioms privalu atlikti poveikio aplinkai vertinim\u0105<\/strong>.<\/p>\n<p>Norint nustatyti ar privalomas poveikio aplinkai vertinimas konkre\u010diai planuojamai \u016bkinei veiklai, yra rengiamas <strong>PAV atrankos dokumentas<\/strong>. Planuojamos \u016bkin\u0117s veiklos poveikio aplinkai vertinimo \u012fstatymo 2-ame priede pateikiamas planuojamos \u016bkin\u0117s veiklos, kuriai turi b\u016bti atliekama atranka d\u0117l poveikio aplinkai vertinimo, r\u016b\u0161i\u0173 s\u0105ra\u0161as. I\u0161vadas d\u0117l PAV privalomumo teikia atsakinga institucija \u2013 Aplinkos apsaugos agent\u016bra prie Aplinkos ministerijos.<\/p>\n<h4>V\u0161\u012e Paj\u016brio tyrim\u0173 ir planavimo institutas (PTPI) yra<\/h4>\n<ul>\n<li>poveikio aplinkai vertinimo (PAV) dokument\u0173 reng\u0117jas,<\/li>\n<li>PAV atrankos dokument\u0173 reng\u0117jas.<\/li>\n<\/ul>\n<h4><strong>M\u016bs\u0173, kaip PAV atrankos dokument\u0173 reng\u0117j\u0173 tikslas:<\/strong><\/h4>\n<p>Atsakingai institucijai pateikti ai\u0161ki\u0105 ir i\u0161sami\u0105 informacij\u0105 apie planuojam\u0105 veikl\u0105 ir galim\u0105 jos poveik\u012f aplinkai.<\/p>\n<h4><strong>Vertindami planuojamos \u016bkin\u0117s veiklos poveik\u012f aplinkai siekiame:<\/strong><\/h4>\n<p>Poveikio aplinkai vertinimas atliekamas siekant visapusi\u0161kai i\u0161tirti analizuojam\u0105 teritorij\u0105, atlikti reikalingus lauko tyrimus ir matavimus. Prognozuojame galim\u0105 planuojamos \u016bkin\u0117s veiklos poveik\u012f patvirtintais matematiniais modeliais ir metodikomis.<\/p>\n<h4>Sritys, kuriose mes atliekame poveikio aplinkai vertinim\u0105:<\/h4>\n<ul>\n<li>terminalai ir uost\u0173 veikla;<\/li>\n<li>gavybos ir perdirbimo pramon\u0117;<\/li>\n<li>metal\u0173 gamybos ir perdirbimo pramon\u0117;<\/li>\n<li>medienos ir popieriaus pramon\u0117;<\/li>\n<li>energetika;<\/li>\n<li>chemijos pramon\u0117;<\/li>\n<li>in\u017eineriniai statiniai;<\/li>\n<li>kitos planuojamos \u016bkin\u0117s veiklos r\u016b\u0161ys.<\/li>\n<\/ul>\n<div id=\"attachment_697\" style=\"width: 1410px\" class=\"wp-caption aligncenter\"><a href=\"http:\/\/corpi.lt\/wp-content\/uploads\/2016\/03\/41858.jpg\"><img loading=\"lazy\" decoding=\"async\" aria-describedby=\"caption-attachment-697\" class=\"size-full wp-image-697\" src=\"http:\/\/corpi.lt\/wp-content\/uploads\/2016\/03\/41858.jpg\" alt=\"Klaip\u0117da, Malk\u0173 \u012flanka, Poveikio aplinkai vertinimas, uost\u0173 veikla ir terminalai\" width=\"1400\" height=\"846\" srcset=\"https:\/\/corpi.lt\/wp-content\/uploads\/2016\/03\/41858.jpg 1400w, https:\/\/corpi.lt\/wp-content\/uploads\/2016\/03\/41858-300x181.jpg 300w, https:\/\/corpi.lt\/wp-content\/uploads\/2016\/03\/41858-768x464.jpg 768w, https:\/\/corpi.lt\/wp-content\/uploads\/2016\/03\/41858-1024x619.jpg 1024w\" sizes=\"auto, (max-width: 1400px) 100vw, 1400px\" \/><\/a><p id=\"caption-attachment-697\" class=\"wp-caption-text\">Klaip\u0117da, Malk\u0173 \u012flanka, PAV sritys<\/p><\/div>\n<h4><strong>Konsultuojame<\/strong> planuojamos \u016bkin\u0117s veiklos u\u017esakovus<\/h4>\n<ul>\n<li>poveikio aplinkai vertinimo,<\/li>\n<li>aplinkosaugos priemoni\u0173 pasirinkimo,<\/li>\n<li>poveikio ma\u017einimo klausimais.<\/li>\n<\/ul>\n<h4><strong>Poveikio aplinkai vertinimo proceso dalyviams pateikiame:<\/strong><\/h4>\n<p>Visapusi\u0161k\u0105 informacij\u0105, leid\u017eian\u010di\u0105 visuomenei susipa\u017einti su planuojama \u016bkine veikla ir suprasti jos galim\u0105 poveik\u012f aplinkai, planuojamos \u016bkin\u0117s veiklos organizatoriui pasirinkti optimal\u0173 veiklos vystymo variant\u0105, o PAV subjektams bei atsakingai institucijai priimti teising\u0105 sprendim\u0105 d\u0117l veiklos vystymo galimybi\u0173. Ilgamet\u0117 specialist\u0173 darbo patirtis, \u012fvaldyti vertinimo metodai leid\u017eia u\u017etikrinti kokybi\u0161k\u0105 ir greit\u0105 darb\u0173 atlikim\u0105 bei skland\u0173 PAV proced\u016br\u0173 vykdym\u0105.<\/p>\n","protected":false},"excerpt":{"rendered":"<p>Kas yra poveikio aplinkai vertinimas? Poveikio aplinkai vertinimas (PAV) \u2013 konkre\u010dios planuojamos \u016bkin\u0117s veiklos potencialaus poveikio aplinkai numatymo, apib\u016bdinimo ir \u012fvertinimo procesas. PAV metu analizuojamas galimas tiesioginis ir netiesioginis planuojamos \u016bkin\u0117s veiklos poveikis aplinkai, nagrin\u0117jamos poveikio suma\u017einimo ar kompensavimo priemon\u0117s bei alternatyvos. Poveikio aplinkai vertinimas reglamentuojamas Lietuvos respublikos Planuojamos \u016bkin\u0117s veiklos poveikio aplinkai vertinimo \u012fstatymu (suvestin\u0117 redakcija nuo 2023 met\u0173<\/p>\n","protected":false},"author":1,"featured_media":0,"parent":228,"menu_order":0,"comment_status":"closed","ping_status":"open","template":"","meta":{"footnotes":""},"tags":[15,11],"class_list":["post-218","page","type-page","status-publish","hentry","tag-paslaugos","tag-pav"],"_links":{"self":[{"href":"https:\/\/corpi.lt\/index.php\/wp-json\/wp\/v2\/pages\/218","targetHints":{"allow":["GET"]}}],"collection":[{"href":"https:\/\/corpi.lt\/index.php\/wp-json\/wp\/v2\/pages"}],"about":[{"href":"https:\/\/corpi.lt\/index.php\/wp-json\/wp\/v2\/types\/page"}],"author":[{"embeddable":true,"href":"https:\/\/corpi.lt\/index.php\/wp-json\/wp\/v2\/users\/1"}],"replies":[{"embeddable":true,"href":"https:\/\/corpi.lt\/index.php\/wp-json\/wp\/v2\/comments?post=218"}],"version-history":[{"count":70,"href":"https:\/\/corpi.lt\/index.php\/wp-json\/wp\/v2\/pages\/218\/revisions"}],"predecessor-version":[{"id":1791,"href":"https:\/\/corpi.lt\/index.php\/wp-json\/wp\/v2\/pages\/218\/revisions\/1791"}],"up":[{"embeddable":true,"href":"https:\/\/corpi.lt\/index.php\/wp-json\/wp\/v2\/pages\/228"}],"wp:attachment":[{"href":"https:\/\/corpi.lt\/index.php\/wp-json\/wp\/v2\/media?parent=218"}],"wp:term":[{"taxonomy":"post_tag","embeddable":true,"href":"https:\/\/corpi.lt\/index.php\/wp-json\/wp\/v2\/tags?post=218"}],"curies":[{"name":"wp","href":"https:\/\/api.w.org\/{rel}","templated":true}]}}