{"id":1897,"date":"2024-11-15T07:04:31","date_gmt":"2024-11-15T05:04:31","guid":{"rendered":"https:\/\/corpi.lt\/?page_id=1897"},"modified":"2024-11-15T07:05:42","modified_gmt":"2024-11-15T05:05:42","slug":"portshaz","status":"publish","type":"page","link":"https:\/\/corpi.lt\/index.php\/portshaz\/","title":{"rendered":"PortSHAZ"},"content":{"rendered":"<p>D\u017eiaugiam\u0117s gal\u0117dami prane\u0161ti, kad Paj\u016brio tyrim\u0173 ir planavimo institutas (PTPI), yra vienas i\u0161 Projekto PortSHAZ \u2013 Gamtosaugini\u0173 priemoni\u0173 taikymas krovos metu (anlg. Enhanced Eco-Efficient Cargo Operations) partneri\u0173. PortSHAZ projektas yra dalis 2021\u20132027 m. Interreg Piet\u0173 Baltijos bendradarbiavimo per sien\u0105 programos, kuris i\u0161 dalies finansuojamas Europos regionin\u0117s pl\u0117tros fondo (ERDF) l\u0117\u0161omis.<\/p>\n<p><img decoding=\"async\" src=\"https:\/\/corpi.lt\/en\/wp-content\/uploads\/2024\/09\/PortSHAZ.jpg\" \/><\/p>\n<p><em>Informacija apie Projekt\u0105:<\/em><\/p>\n<ul>\n<li><strong>Projekto pavadinimas<\/strong>: PortSHAZ &#8211; Gamtosaugini\u0173 priemoni\u0173 taikymas krovos metu (angl. -Enhanced Eco-Efficient Cargo Operations)<\/li>\n<li><strong>Programa<\/strong>: 2021\u20132027 m. Interreg Piet\u0173 Baltijos bendradarbiavimo per sien\u0105 programa<\/li>\n<li><strong>Dalinai financuojama<\/strong>: Europos regionin\u0117s pl\u0117tros fondas (ERDF)<\/li>\n<li><strong>Projekto trukm\u0117<\/strong>: 2024 liepos 1 d. \u2013 2027 bir\u017eelio 30 d.<\/li>\n<\/ul>\n<p>PortSHAZ projektas nagrin\u0117ja ir siekia ma\u017einti aplinkos tar\u0161\u0105 vykdant biri\u0173 krovini\u0173 krov\u0105 ma\u017euose ir regioniniuose uostuose. J\u016br\u0173 uostai yra svarb\u016bs Europos prekybos ir transporto tinklo nariai, o \u0161is Projektas pabr\u0117\u017eia tvarios ir aplink\u0105 tausojan\u010dios veiklos uostuose svarb\u0105.<\/p>\n<p><em>Pagrindiniai Projekto u\u017edaviniai<\/em>:<\/p>\n<ul>\n<li>Suma\u017einti biri\u0173j\u0173 krovini\u0173 patekim\u0105 \u012f pavir\u0161inius vandens telkinius, siekiant apsaugoti j\u016bros ekosistemas, u\u017etikrinti ger\u0105 vandens kokyb\u0119, ma\u017einti neigiam\u0105 poveik\u012f j\u016bros organizmams ir pakran\u010di\u0173 bendruomen\u0117ms;<\/li>\n<li>Tobulinti bei pritaikyti geriausi\u0105 praktik\u0105 ir techninius sprendimus, u\u017etikrinan\u010dius gamtos apsaug\u0105 biri\u0173 krovini\u0173 krovos metu;<\/li>\n<li>Skatinti tvarias krovos operacijas uostuose, siekiant didinti regiono patrauklum\u0105 turizmui ir prekybai.<\/li>\n<\/ul>\n<p><em>Numatomos veiklos<\/em>:<\/p>\n<ul>\n<li><strong>I\u0161sam\u016bs tyrimai ir analiz\u0117<\/strong>. Esam\u0173 geriausi\u0173 praktik\u0173 identifikavimas saus\u0173 biri\u0173 krovini\u0173 krovos srityje ir pritaikom\u0173 technini\u0173 sprendim\u0173 k\u016brimas;<\/li>\n<li><strong>Pilotin\u0117s instaliacijos<\/strong>. I\u0161bandyti parengtus techninius sprendimus pasirinktuose uostuose, siekiant tobulinti ir patvirtinti j\u0173 veiksmingum\u0105;<\/li>\n<li><strong>Informacijos sklaida<\/strong>. Tyrim\u0173 ir geriausi\u0173 praktik\u0173 vie\u0161inimas, siekiant skatinti nuolatin\u012f tobul\u0117jim\u0105 ir mokym\u0105si j\u016brin\u0117s pramon\u0117s sektoriuje.<\/li>\n<\/ul>\n<p><em>Projekto Partneriai:<\/em><\/p>\n<p><strong><em>Lead<\/em> Partneris:<\/strong> Elbingo uostas (Lenkija)<\/p>\n<p><strong>Projekto Partneriai<\/strong>:<\/p>\n<ul>\n<li>Race For The Baltic (\u0160vedija)<\/li>\n<li>Paj\u016brio tyrim\u0173 ir planavimo institutas (PTPI) (Lietuva)<\/li>\n<li>K2 Solutions (Lenkija)<\/li>\n<li>INWL Non-Profit Limited Institute for Sustainable Economy and Logistics (Vokietija)<\/li>\n<li>Danske Havne (Danija)<\/li>\n<\/ul>\n<p><strong><em>Paj\u016brio tyrim\u0173 ir planavimo institutas (PTPI)<\/em><\/strong>, tur\u0117damas ilgamet\u0119 patirt\u012f ir \u012fsipareigojim\u0105 siekti aplinkosauginio tvarumo, atliks svarb\u0173 vaidmen\u012f \u0161iame Projekte, prisidedant prie inovatyvi\u0173 sprendim\u0173 ma\u017einant aplinkos tar\u0161\u0105 k\u016brimo ir \u012fgyvendinimo.<\/p>\n<p><em>Pla\u010diau apie Projekt\u0105<\/em>: <a href=\"https:\/\/portshaz.eu\">https:\/\/portshaz.eu<\/a><\/p>\n","protected":false},"excerpt":{"rendered":"<p>D\u017eiaugiam\u0117s gal\u0117dami prane\u0161ti, kad Paj\u016brio tyrim\u0173 ir planavimo institutas (PTPI), yra vienas i\u0161 Projekto PortSHAZ \u2013 Gamtosaugini\u0173 priemoni\u0173 taikymas krovos metu (anlg. Enhanced Eco-Efficient Cargo Operations) partneri\u0173. PortSHAZ projektas yra dalis 2021\u20132027 m. Interreg Piet\u0173 Baltijos bendradarbiavimo per sien\u0105 programos, kuris i\u0161 dalies finansuojamas Europos regionin\u0117s pl\u0117tros fondo (ERDF) l\u0117\u0161omis. Informacija apie Projekt\u0105: Projekto pavadinimas: PortSHAZ &#8211; Gamtosaugini\u0173 priemoni\u0173 taikymas<\/p>\n","protected":false},"author":2,"featured_media":0,"parent":0,"menu_order":0,"comment_status":"closed","ping_status":"closed","template":"","meta":{"footnotes":""},"tags":[],"class_list":["post-1897","page","type-page","status-publish","hentry"],"_links":{"self":[{"href":"https:\/\/corpi.lt\/index.php\/wp-json\/wp\/v2\/pages\/1897","targetHints":{"allow":["GET"]}}],"collection":[{"href":"https:\/\/corpi.lt\/index.php\/wp-json\/wp\/v2\/pages"}],"about":[{"href":"https:\/\/corpi.lt\/index.php\/wp-json\/wp\/v2\/types\/page"}],"author":[{"embeddable":true,"href":"https:\/\/corpi.lt\/index.php\/wp-json\/wp\/v2\/users\/2"}],"replies":[{"embeddable":true,"href":"https:\/\/corpi.lt\/index.php\/wp-json\/wp\/v2\/comments?post=1897"}],"version-history":[{"count":3,"href":"https:\/\/corpi.lt\/index.php\/wp-json\/wp\/v2\/pages\/1897\/revisions"}],"predecessor-version":[{"id":1901,"href":"https:\/\/corpi.lt\/index.php\/wp-json\/wp\/v2\/pages\/1897\/revisions\/1901"}],"wp:attachment":[{"href":"https:\/\/corpi.lt\/index.php\/wp-json\/wp\/v2\/media?parent=1897"}],"wp:term":[{"taxonomy":"post_tag","embeddable":true,"href":"https:\/\/corpi.lt\/index.php\/wp-json\/wp\/v2\/tags?post=1897"}],"curies":[{"name":"wp","href":"https:\/\/api.w.org\/{rel}","templated":true}]}}