{"id":17,"date":"2013-12-20T19:01:19","date_gmt":"2013-12-20T17:01:19","guid":{"rendered":"http:\/\/corpi.lt\/?page_id=17"},"modified":"2026-04-30T09:11:57","modified_gmt":"2026-04-30T06:11:57","slug":"ptpi-pav-pvsv-spav-rengimas-licencijos","status":"publish","type":"page","link":"https:\/\/corpi.lt\/index.php\/ptpi-pav-pvsv-spav-rengimas-licencijos\/","title":{"rendered":"Veikla, licencijos, sertifikatai, naryst\u0117"},"content":{"rendered":"<h4><strong>Veikla:<\/strong><\/h4>\n<ul>\n<li>vykdo mokslinius tyrimus ir eksperimentin\u0117s pl\u0117tros veikl\u0105, kuria ir skleid\u017eia mokslo \u017einias, svarbias integruotos j\u016br\u0173 politikos tiksl\u0173 \u012fgyvendinimui ir j\u016brin\u0117s ekonomikos vystymui;<\/li>\n<li>verslo ir gamybos \u012fmon\u0117ms, planuojamai \u016bkinei veiklai teikia \u012fvairiapusi\u0161kas <a href=\"http:\/\/corpi.lt\/index.php\/paslaugos\/\">paslaugas<\/a> ir konsultacijas aplinkosaugos, rizikos bei ekstremali\u0173 situacij\u0173 valdymo srityse.<\/li>\n<\/ul>\n<p><!--\n\n\n<h4>Paslaugos:<\/h4>\n\n\n\n\n<ul>\n \t\n\n<li class=\"page_item page-item-218\"><a href=\"http:\/\/corpi.lt\/index.php\/paslaugos\/poveikio-aplinkai-vertinimas-pav\/\">PAV - Poveikio aplinkai vertinimas<\/a><\/li>\n\n\n \t\n\n<li class=\"page_item page-item-220\"><a href=\"http:\/\/corpi.lt\/index.php\/paslaugos\/poveikio-visuomenes-sveikatai-vertinimas-pvsv-ir-sanitarines-apsaugos-zonos-saz-nustatymas\/\">Poveikio visuomen\u0117s sveikatai vertinimas (PVSV) ir sanitarin\u0117s apsaugos zonos (SAZ) nustatymas<\/a><\/li>\n\n\n \t\n\n<li class=\"page_item page-item-222\"><a href=\"http:\/\/corpi.lt\/index.php\/paslaugos\/strateginis-pasekmiu-aplinkai-vertinimas-spav\/\">Strateginis pasekmi\u0173 aplinkai vertinimas (SPAV)<\/a><\/li>\n\n\n \t\n\n<li class=\"page_item page-item-251\"><a href=\"http:\/\/corpi.lt\/index.php\/paslaugos\/pavojingu-objektu-saugos-dokumentu-rengimas\/\">Pavojing\u0173 objekt\u0173 saugos dokument\u0173 rengimas<\/a><\/li>\n\n\n \t\n\n<li class=\"page_item page-item-224\"><a href=\"http:\/\/corpi.lt\/index.php\/paslaugos\/saugomu-teritoriju-planavimo-dokumentu-rengimas\/\">Saugom\u0173 teritorij\u0173 planavimo dokument\u0173 rengimas<\/a><\/li>\n\n\n \t\n\n<li class=\"page_item page-item-237\"><a href=\"http:\/\/corpi.lt\/index.php\/paslaugos\/aplinkos-oro-tarsos-kvapu-ir-triuksmo-modeliavimas\/\">Aplinkos oro tar\u0161os, kvap\u0173 ir triuk\u0161mo modeliavimas<\/a><\/li>\n\n\n \t\n\n<li class=\"page_item page-item-341\"><a href=\"http:\/\/corpi.lt\/index.php\/paslaugos\/vejo-elektriniu-poveikio-vertinimas-triuksmas-seseliavimas-vizualinis-poveikis\/\">V\u0117jo elektrini\u0173 poveikio vertinimas: triuk\u0161mas, \u0161e\u0161\u0117liavimas, vizualinis poveikis<\/a><\/li>\n\n\n \t\n\n<li class=\"page_item page-item-240\"><a href=\"http:\/\/corpi.lt\/index.php\/paslaugos\/gis-taikymas\/\">GIS taikymas<\/a><\/li>\n\n\n \t\n\n<li class=\"page_item page-item-243\"><a href=\"http:\/\/corpi.lt\/index.php\/paslaugos\/aplinkos-monitoringas\/\">Aplinkos monitoringas<\/a><\/li>\n\n\n \t\n\n<li class=\"page_item page-item-254\"><a href=\"http:\/\/corpi.lt\/index.php\/paslaugos\/tyrimai\/\">Tyrimai<\/a><\/li>\n\n\n \t\n\n<li class=\"page_item page-item-254\"><a href=\"https:\/\/corpi.lt\/index.php\/paslaugos\/ornitologines-ekspertizes-del-medziu-kirtimo\/\">Ornitologin\u0117s ekspertiz\u0117s d\u0117l med\u017ei\u0173 kirtimo<\/a><\/li>\n\n\n<\/ul>\n\n\n--><\/p>\n<h4><strong>Nuostatai:<\/strong><\/h4>\n<ul>\n<li><a href=\"https:\/\/corpi.lt\/wp-content\/uploads\/2026\/04\/Corpi_Vadybos-politikos-nuostatos.pdf\">UAB CORPI vadybos politikos nuostatai<\/a><\/li>\n<li><a href=\"https:\/\/corpi.lt\/wp-content\/uploads\/2026\/04\/Corpi-Privatumo-politika-Viesinimui.pdf\">UAB CORPI privatumo politika<\/a><\/li>\n<\/ul>\n<h4><strong>Licencijos:<\/strong><\/h4>\n<ul>\n<li>Visuomen\u0117s sveikatos prie\u017ei\u016bros veiklai: poveikio visuomen\u0117s sveikatos vertinimui<\/li>\n<li>\u017dem\u0117s gelmi\u0173 tyrimams<\/li>\n<\/ul>\n<h4>V\u0161\u012e PTPI sertifikatai:<\/h4>\n<ul>\n<li><a href=\"https:\/\/corpi.lt\/wp-content\/uploads\/2025\/11\/SGS_ISO-45001_2018_LT2500000045_LT.pdf\" target=\"_blank\" rel=\"noopener\">LT25\/00000045: <strong>ISO 45001:2018<\/strong><\/a><\/li>\n<li><a href=\"https:\/\/corpi.lt\/wp-content\/uploads\/2025\/11\/SGS_ISO-14001_2015_LT2300000067_LT.pdf\" target=\"_blank\" rel=\"noopener\">LT23\/00000067: <strong>ISO 14001:2015<\/strong><\/a><\/li>\n<li><a href=\"https:\/\/corpi.lt\/wp-content\/uploads\/2025\/11\/SGS_ISO-9001_2015_LT2300000066_LT.pdf\" target=\"_blank\" rel=\"noopener\">LT23\/00000066: <strong>ISO 9001:2015<\/strong><\/a><\/li>\n<\/ul>\n<h4>UAB CORPI sertifikatai:<\/h4>\n<ul>\n<li><a href=\"https:\/\/corpi.lt\/wp-content\/uploads\/2026\/04\/SGS_ISO-9001_2015_LT2600000020_LT.pdf\" target=\"_blank\" rel=\"noopener\">LT25\/00000045: <strong>ISO 9001:2015<\/strong><\/a><\/li>\n<li><a href=\"https:\/\/corpi.lt\/wp-content\/uploads\/2026\/04\/SGS_ISO-14001_2015_LT2600000021_LT.pdf\" target=\"_blank\" rel=\"noopener\">LT23\/00000067: <strong>ISO 14001:2015<\/strong><\/a><\/li>\n<li><a href=\"https:\/\/corpi.lt\/wp-content\/uploads\/2026\/04\/SGS_ISO-45001_2018_LT2600000022_LT.pdf\" target=\"_blank\" rel=\"noopener\">LT23\/00000066: <strong>ISO 45001:2018<\/strong><\/a><\/li>\n<\/ul>\n<p><!--\n\n\n<div style=\"display: flex; flex-wrap: wrap; justify-content: flex-start; gap: 20px; align-items: center;\"><span style=\"display: inline-block; width: 0px; overflow: hidden; line-height: 0;\" data-mce-type=\"bookmark\" class=\"mce_SELRES_start\"><\/span><a href=\"https:\/\/www.sgs.com\/en\/certified-clients-and-products\/verify-certificate?id=7f2f085e-6691-47c6-add5-540b7bad94b4\" target=\"_blank\" rel=\"noopener\"><img loading=\"lazy\" decoding=\"async\" class=\"wp-image-2052 size-full\" src=\"https:\/\/corpi.lt\/wp-content\/uploads\/2025\/11\/SGS_ISO_45001_TCL_LR.jpg\" alt=\"\" width=\"152\" height=\"148\" \/><\/a>\n<a href=\"https:\/\/www.sgs.com\/en\/certified-clients-and-products\/verify-certificate?id=fea2c8ac-90c3-45dc-8357-f1746bad84b4\" target=\"_blank\" rel=\"noopener\"><img loading=\"lazy\" decoding=\"async\" class=\"wp-image-2053 size-full\" src=\"https:\/\/corpi.lt\/wp-content\/uploads\/2025\/11\/SGS_ISO_9001_round_TCL_LR.jpg\" alt=\"\" width=\"151\" height=\"147\" \/><\/a>\n<a href=\"https:\/\/www.sgs.com\/en\/certified-clients-and-products\/verify-certificate?id=98d81eff-fcbc-468e-90b2-2f0651c4dc92\" target=\"_blank\" rel=\"noopener\"><img loading=\"lazy\" decoding=\"async\" class=\"wp-image-2054 size-full\" src=\"https:\/\/corpi.lt\/wp-content\/uploads\/2025\/11\/SGS_ISO-14001_TCL_LR.jpg\" alt=\"\" width=\"151\" height=\"147\" \/><\/a><\/div>\n\n\n--><\/p>\n<h4>Naryst\u0117:<\/h4>\n<div style=\"display: flex; gap: 30px; justify-content: center; flex-wrap: wrap; align-items: flex-start;\">\n<div style=\"flex: 1 1 280px; max-width: 420px; text-align: center;\">\n<div style=\"height: 120px; display: flex; align-items: center; justify-content: center;\"><a style=\"display: inline-block;\" href=\"http:\/\/www.submariner-network.eu\/\"><br \/>\n<img decoding=\"async\" style=\"display: block; height: 95px; width: auto; max-width: 260px; object-fit: contain; margin: 0;\" src=\"http:\/\/corpi.lt\/wp-content\/uploads\/2013\/12\/Submariner_Logo_.jpg\" alt=\"PTPI_Submariner_naryste\" \/><br \/>\n<\/a><\/div>\n<p style=\"margin: 0; padding-top: 10px; line-height: 1.35;\"><a href=\"http:\/\/www.submariner-network.eu\/\">SUBMARINER<\/a> tinklo steig\u0117jas ir narys<\/p>\n<\/div>\n<div style=\"flex: 1 1 280px; max-width: 420px; text-align: center;\">\n<div style=\"height: 120px; display: flex; align-items: center; justify-content: center;\"><a style=\"display: inline-block;\" href=\"https:\/\/www.kcci.lt\/lt\"><br \/>\n<img decoding=\"async\" style=\"display: block; height: 95px; width: auto; max-width: 260px; object-fit: contain; margin: 0;\" src=\"https:\/\/corpi.lt\/wp-content\/uploads\/2025\/12\/kcci_logo.png\" alt=\"Klaip\u0117dos prekybos, pramon\u0117s ir amat\u0173 r\u016bmai\" \/><br \/>\n<\/a><\/div>\n<p style=\"margin: 0; padding-top: 10px; line-height: 1.35;\">Klaip\u0117dos prekybos, pramon\u0117s ir amat\u0173 r\u016bmai<\/p>\n<\/div>\n<\/div>\n","protected":false},"excerpt":{"rendered":"<p>Veikla: vykdo mokslinius tyrimus ir eksperimentin\u0117s pl\u0117tros veikl\u0105, kuria ir skleid\u017eia mokslo \u017einias, svarbias integruotos j\u016br\u0173 politikos tiksl\u0173 \u012fgyvendinimui ir j\u016brin\u0117s ekonomikos vystymui; verslo ir gamybos \u012fmon\u0117ms, planuojamai \u016bkinei veiklai teikia \u012fvairiapusi\u0161kas paslaugas ir konsultacijas aplinkosaugos, rizikos bei ekstremali\u0173 situacij\u0173 valdymo srityse. Nuostatai: UAB CORPI vadybos politikos nuostatai UAB CORPI privatumo politika Licencijos: Visuomen\u0117s sveikatos prie\u017ei\u016bros veiklai: poveikio visuomen\u0117s sveikatos<\/p>\n","protected":false},"author":1,"featured_media":0,"parent":0,"menu_order":0,"comment_status":"closed","ping_status":"open","template":"","meta":{"footnotes":""},"tags":[11,13,12,14],"class_list":["post-17","page","type-page","status-publish","hentry","tag-pav","tag-pvsv","tag-spav","tag-tyrimai"],"_links":{"self":[{"href":"https:\/\/corpi.lt\/index.php\/wp-json\/wp\/v2\/pages\/17","targetHints":{"allow":["GET"]}}],"collection":[{"href":"https:\/\/corpi.lt\/index.php\/wp-json\/wp\/v2\/pages"}],"about":[{"href":"https:\/\/corpi.lt\/index.php\/wp-json\/wp\/v2\/types\/page"}],"author":[{"embeddable":true,"href":"https:\/\/corpi.lt\/index.php\/wp-json\/wp\/v2\/users\/1"}],"replies":[{"embeddable":true,"href":"https:\/\/corpi.lt\/index.php\/wp-json\/wp\/v2\/comments?post=17"}],"version-history":[{"count":85,"href":"https:\/\/corpi.lt\/index.php\/wp-json\/wp\/v2\/pages\/17\/revisions"}],"predecessor-version":[{"id":2172,"href":"https:\/\/corpi.lt\/index.php\/wp-json\/wp\/v2\/pages\/17\/revisions\/2172"}],"wp:attachment":[{"href":"https:\/\/corpi.lt\/index.php\/wp-json\/wp\/v2\/media?parent=17"}],"wp:term":[{"taxonomy":"post_tag","embeddable":true,"href":"https:\/\/corpi.lt\/index.php\/wp-json\/wp\/v2\/tags?post=17"}],"curies":[{"name":"wp","href":"https:\/\/api.w.org\/{rel}","templated":true}]}}