{"id":1630,"date":"2023-11-02T22:14:03","date_gmt":"2023-11-02T20:14:03","guid":{"rendered":"https:\/\/corpi.lt\/?page_id=1630"},"modified":"2023-11-02T22:14:32","modified_gmt":"2023-11-02T20:14:32","slug":"naujienos-2","status":"publish","type":"page","link":"https:\/\/corpi.lt\/index.php\/naujienos-2\/","title":{"rendered":"Naujienos"},"content":{"rendered":"<div class=\"pt-cv-wrapper\"><div class=\"pt-cv-view pt-cv-blockgrid iscvblock iscvhybrid list1 layout1\" id=\"pt-cv-view-fcdf776vrf\"><div data-id=\"pt-cv-page-1\" class=\"pt-cv-page\" data-cvc=\"1\"><div class=\" pt-cv-content-item pt-cv-2-col\" ><div class=\"pt-cv-thumb-wrapper pull-left \"><a href=\"https:\/\/corpi.lt\/index.php\/poveikio-aplinkai-vertinimas-pav-planuojamam-vejo-elektriniu-parkui-klaipedos-rajone-iki-35-ve-iki-300-mw\/\" class=\"_self pt-cv-href-thumbnail pt-cv-thumb-left\" target=\"_self\" ><img loading=\"lazy\" decoding=\"async\" width=\"300\" height=\"199\" src=\"https:\/\/corpi.lt\/wp-content\/uploads\/2024\/04\/054-300x199.jpg\" class=\"pt-cv-thumbnail pull-left\" alt=\"\" \/><\/a><\/div>\n<div class=\"pt-cv-colwrap\"><h4 class=\"pt-cv-title\"><a href=\"https:\/\/corpi.lt\/index.php\/poveikio-aplinkai-vertinimas-pav-planuojamam-vejo-elektriniu-parkui-klaipedos-rajone-iki-35-ve-iki-300-mw\/\" class=\"_self\" target=\"_self\" >Poveikio aplinkai vertinimas ( PAV) planuojamam v\u0117jo elektrini\u0173 parkui Klaip\u0117dos rajone (iki 35 VE, iki 300 MW)<\/a><\/h4><div class=\"pt-cv-content\">2024 met\u0173 kovo m\u0117nes\u012f \u012fvyko PAV ataskaitos pristatymas visuomenei V\u0117\u017eai\u010diuose , Antkoptyje ir \u017dadeikiuose (\u017er. fotografijas). Planuojamos \u016bkin\u0117s veiklos organizatorius: UAB \u201eIgnitis renewables projektai 3\u201c Poveikio aplinkai vertinimo dokument\u0173 reng\u0117jas: V\u0161\u012e Paj\u016brio tyrim\u0173 ir planavimo institutas (PTPI) Sekite naujienas apie \u0161\u012f projekt\u0105 skyriuje SKELBIMAI: https:\/\/corpi.lt\/index.php\/klaipedosrve-pav\/ ...<br \/><div class=\"pt-cv-rmwrap\"><a href=\"https:\/\/corpi.lt\/index.php\/poveikio-aplinkai-vertinimas-pav-planuojamam-vejo-elektriniu-parkui-klaipedos-rajone-iki-35-ve-iki-300-mw\/\" class=\"_self pt-cv-readmore btn btn-success\" target=\"_self\">Skaityti daugiau<\/a><\/div><\/div><\/div><\/div>\n<div class=\" pt-cv-content-item pt-cv-2-col\" ><div class=\"pt-cv-thumb-wrapper pull-left \"><a href=\"https:\/\/corpi.lt\/index.php\/lietuvoje-aptikta-nauja-kartais-netgi-pauksciais-mintancia-siksnosparniu-rusi\/\" class=\"_self pt-cv-href-thumbnail pt-cv-thumb-left\" target=\"_self\" ><img loading=\"lazy\" decoding=\"async\" width=\"300\" height=\"200\" src=\"https:\/\/corpi.lt\/wp-content\/uploads\/2024\/01\/417717069_287889274285396_382868246035870131_n-300x200.jpg\" class=\"pt-cv-thumbnail pull-left\" alt=\"\" \/><\/a><\/div>\n<div class=\"pt-cv-colwrap\"><h4 class=\"pt-cv-title\"><a href=\"https:\/\/corpi.lt\/index.php\/lietuvoje-aptikta-nauja-kartais-netgi-pauksciais-mintancia-siksnosparniu-rusi\/\" class=\"_self\" target=\"_self\" >Lietuvoje aptikta nauj\u0105 kartais netgi pauk\u0161\u010diais mintan\u010di\u0105 \u0161ik\u0161nosparni\u0173 r\u016b\u0161\u012f!<\/a><\/h4><div class=\"pt-cv-content\">Tai tik keli ma\u017ei br\u016bk\u0161neliai spektogramoje, bet neeilin\u0117 naujiena Lietuvai! 2023 m. rugpj\u016b\u010dio 27 d. 21 val. 25 min. 31 sek. Pasvalio r. u\u017efiksuotas didysis nakvi\u0161a (Nyctalus lasiopterus)! Praskrendan\u010dio \u0161ios r\u016b\u0161ies \u0161ik\u0161nosparnio ultragarsinius signalus \u012fra\u0161\u0117 PTPI tyrimams naudojamas stacionarus ultragarso detektorius SM4BAT, o r\u016b\u0161\u012f pagal signal\u0173 spektogramas nustat\u0117 \u0161i\u0173 \u012fra\u0161\u0173 ...<br \/><div class=\"pt-cv-rmwrap\"><a href=\"https:\/\/corpi.lt\/index.php\/lietuvoje-aptikta-nauja-kartais-netgi-pauksciais-mintancia-siksnosparniu-rusi\/\" class=\"_self pt-cv-readmore btn btn-success\" target=\"_self\">Skaityti daugiau<\/a><\/div><\/div><\/div><\/div>\n<div class=\" pt-cv-content-item pt-cv-2-col\" ><div class=\"pt-cv-thumb-wrapper pull-left \"><a href=\"https:\/\/corpi.lt\/index.php\/prasidejo-lizdu-paieskos\/\" class=\"_self pt-cv-href-thumbnail pt-cv-thumb-left\" target=\"_self\" ><img loading=\"lazy\" decoding=\"async\" width=\"300\" height=\"276\" src=\"https:\/\/corpi.lt\/wp-content\/uploads\/2023\/12\/406672871_262857956788528_6897130140388062671_n-300x276.jpg\" class=\"pt-cv-thumbnail pull-left\" alt=\"\" \/><\/a><\/div>\n<div class=\"pt-cv-colwrap\"><h4 class=\"pt-cv-title\"><a href=\"https:\/\/corpi.lt\/index.php\/prasidejo-lizdu-paieskos\/\" class=\"_self\" target=\"_self\" >Prasid\u0117jo lizd\u0173 paie\u0161kos<\/a><\/h4><div class=\"pt-cv-content\">Prasid\u0117jo lizd\u0173 paie\u0161kos, pasipyl\u0117 ir med\u017eiai su lizdais pa\u017eym\u0117ti kirtimui. Apmaudu, ta\u010diau \u0161i situacija gana da\u017ena, kai radus lizd\u0105 jis b\u016bna pa\u017eym\u0117tas kirtimui, kod\u0117l taip yra? Suprantame, kartais lizd\u0173 galima nepamatyti, ta\u010diau da\u017enu atveju jie matomi gerai. Mi\u0161ko kirtimo taisykl\u0117s draud\u017eia kirsti med\u017eius su lizdais, o priklausomai nuo lizd\u0105 naudojan\u010dios ...<br \/><div class=\"pt-cv-rmwrap\"><a href=\"https:\/\/corpi.lt\/index.php\/prasidejo-lizdu-paieskos\/\" class=\"_self pt-cv-readmore btn btn-success\" target=\"_self\">Skaityti daugiau<\/a><\/div><\/div><\/div><\/div>\n<div class=\" pt-cv-content-item pt-cv-2-col\" ><div class=\"pt-cv-thumb-wrapper pull-left \"><a href=\"https:\/\/corpi.lt\/index.php\/atliekant-tyrimus-baltijos-juroje-ptpi-komanda-pastebejo-nafta-issitepusi-laibasnapi-naruneli\/\" class=\"_self pt-cv-href-thumbnail pt-cv-thumb-left\" target=\"_self\" ><img loading=\"lazy\" decoding=\"async\" width=\"225\" height=\"300\" src=\"https:\/\/corpi.lt\/wp-content\/uploads\/2023\/12\/406013630_261099350297722_5634209746190784374_n-225x300.jpg\" class=\"pt-cv-thumbnail pull-left\" alt=\"\" \/><\/a><\/div>\n<div class=\"pt-cv-colwrap\"><h4 class=\"pt-cv-title\"><a href=\"https:\/\/corpi.lt\/index.php\/atliekant-tyrimus-baltijos-juroje-ptpi-komanda-pastebejo-nafta-issitepusi-laibasnapi-naruneli\/\" class=\"_self\" target=\"_self\" >Atliekant tyrimus Baltijos j\u016broje PTPI komanda pasteb\u0117jo nafta i\u0161sitepus\u012f laibasnap\u012f nar\u016bn\u0117l\u012f<\/a><\/h4><div class=\"pt-cv-content\">Atliekant tyrimus Baltijos j\u016broje PTPI komanda pasteb\u0117jo nafta i\u0161sitepus\u012f laibasnap\u012f nar\u016bn\u0117l\u012f. \u012e b\u0117d\u0105 pakliuvus\u012f pauk\u0161t\u012f pavyko pagauti, o plunksnas \u0161variai i\u0161plauti. Nar\u016bn\u0117lio nafta i\u0161sitepusios kr\u016btin\u0117s ir pilvo plunksnos buvo sulipusios, praradusios geb\u0117jim\u0105 sukibti viena su kita ir i\u0161laikyti oro sluoksn\u012f tarp k\u016bno ir vandens. Netekus apsauginio oro tarpo plunksnose, \u0161altas ...<br \/><div class=\"pt-cv-rmwrap\"><a href=\"https:\/\/corpi.lt\/index.php\/atliekant-tyrimus-baltijos-juroje-ptpi-komanda-pastebejo-nafta-issitepusi-laibasnapi-naruneli\/\" class=\"_self pt-cv-readmore btn btn-success\" target=\"_self\">Skaityti daugiau<\/a><\/div><\/div><\/div><\/div>\n<div class=\" pt-cv-content-item pt-cv-2-col\" ><div class=\"pt-cv-thumb-wrapper pull-left \"><a href=\"https:\/\/corpi.lt\/index.php\/lizdu-paiesku-sezono-pradzia-ir-misle-musu-sekejams\/\" class=\"_self pt-cv-href-thumbnail pt-cv-thumb-left\" target=\"_self\" ><img loading=\"lazy\" decoding=\"async\" width=\"300\" height=\"254\" src=\"https:\/\/corpi.lt\/wp-content\/uploads\/2023\/12\/403605764_259299513811039_3651737442118149304_n-300x254.jpg\" class=\"pt-cv-thumbnail pull-left\" alt=\"\" \/><\/a><\/div>\n<div class=\"pt-cv-colwrap\"><h4 class=\"pt-cv-title\"><a href=\"https:\/\/corpi.lt\/index.php\/lizdu-paiesku-sezono-pradzia-ir-misle-musu-sekejams\/\" class=\"_self\" target=\"_self\" >Lizd\u0173 paie\u0161k\u0173 sezono prad\u017eia ir m\u012fsl\u0117 m\u016bs\u0173 sek\u0117jams<\/a><\/h4><div class=\"pt-cv-content\">Lapai nukrito ir jau pra\u0117jusi\u0105 savait\u0119 prad\u0117jome pl\u0117\u0161ri\u0173j\u0173 pauk\u0161\u010di\u0173 lizd\u0173 paie\u0161kas. Atliekant poveikio aplinkai vertinim\u0105 (PAV) b\u016bsimuose v\u0117jo elektrini\u0173 park\u0173 teritorijose, lizd\u0173 paie\u0161kos yra vienas svarbiausi\u0173 darb\u0173. Deja, bet dauguma kit\u0173 PAV atliekan\u010di\u0173 \u012fmoni\u0173 ar organizacij\u0173 \u012f lizd\u0173 paie\u0161kas numoja ranka ir taip prarandami itin svarb\u016bs duomenys numatant galim\u0105 neigiam\u0105 ...<br \/><div class=\"pt-cv-rmwrap\"><a href=\"https:\/\/corpi.lt\/index.php\/lizdu-paiesku-sezono-pradzia-ir-misle-musu-sekejams\/\" class=\"_self pt-cv-readmore btn btn-success\" target=\"_self\">Skaityti daugiau<\/a><\/div><\/div><\/div><\/div>\n<div class=\" pt-cv-content-item pt-cv-2-col\" ><div class=\"pt-cv-thumb-wrapper pull-left \"><a href=\"https:\/\/corpi.lt\/index.php\/peledos-atviroje-juroje\/\" class=\"_self pt-cv-href-thumbnail pt-cv-thumb-left\" target=\"_self\" ><img loading=\"lazy\" decoding=\"async\" width=\"300\" height=\"219\" src=\"https:\/\/corpi.lt\/wp-content\/uploads\/2023\/12\/403617106_258089337265390_6105272602527977202_n-300x219.jpg\" class=\"pt-cv-thumbnail pull-left\" alt=\"\" \/><\/a><\/div>\n<div class=\"pt-cv-colwrap\"><h4 class=\"pt-cv-title\"><a href=\"https:\/\/corpi.lt\/index.php\/peledos-atviroje-juroje\/\" class=\"_self\" target=\"_self\" >Pel\u0117dos atviroje j\u016broje!?<\/a><\/h4><div class=\"pt-cv-content\">Jeigu j\u016bs\u0173 paklaust\u0173 ar galima pamatyti pel\u0117d\u0105 j\u016broje toli nuo kranto, k\u0105 atsakytum\u0117t? Turb\u016bt daugeliui pel\u0117dos asocijuojasi su sausuma, ta\u010diau ir j\u016broje \u0161ie pauk\u0161\u010diai n\u0117ra labai reti sve\u010diai. Dirbdami Baltijos j\u016broje, tiek Lietuvoje, tiek \u0160vedijoje per du metus jau steb\u0117jome 7 ma\u017euosius apuokus bei 5 balines pel\u0117das. Pana\u0161u, kad b\u016btent ...<br \/><div class=\"pt-cv-rmwrap\"><a href=\"https:\/\/corpi.lt\/index.php\/peledos-atviroje-juroje\/\" class=\"_self pt-cv-readmore btn btn-success\" target=\"_self\">Skaityti daugiau<\/a><\/div><\/div><\/div><\/div>\n<div class=\" pt-cv-content-item pt-cv-2-col\" ><div class=\"pt-cv-thumb-wrapper pull-left \"><a href=\"https:\/\/corpi.lt\/index.php\/lietuva-pasieke-cia-ziemojantys-pauksciai\/\" class=\"_self pt-cv-href-thumbnail pt-cv-thumb-left\" target=\"_self\" ><img loading=\"lazy\" decoding=\"async\" width=\"300\" height=\"201\" src=\"https:\/\/corpi.lt\/wp-content\/uploads\/2023\/11\/397566630_245067471900910_6696950083005960904_n-300x201.jpg\" class=\"pt-cv-thumbnail pull-left\" alt=\"\" \/><\/a><\/div>\n<div class=\"pt-cv-colwrap\"><h4 class=\"pt-cv-title\"><a href=\"https:\/\/corpi.lt\/index.php\/lietuva-pasieke-cia-ziemojantys-pauksciai\/\" class=\"_self\" target=\"_self\" >Lietuv\u0105 pasiek\u0117 \u010dia \u017eiemojantys pauk\u0161\u010diai<\/a><\/h4><div class=\"pt-cv-content\">Lietuv\u0105 pasiek\u0117 beveik visos mus tik \u0161altuoju met\u0173 laiku aplankan\u010dios \u017evirblini\u0173 pauk\u0161\u010di\u0173 r\u016b\u0161ys (svirbeliai, sniegstart\u0117s, raguotieji vieversiai, \u010dim\u010diakai, geltonsnapiai \u010divyliai), kiek i\u0161 j\u0173 jau pavyko pasteb\u0117ti jums? Dalinam\u0117s m\u016bs\u0173 komandos u\u017efiksuotais sve\u010diais i\u0161 \u0161iaur\u0117s ...<br \/><div class=\"pt-cv-rmwrap\"><a href=\"https:\/\/corpi.lt\/index.php\/lietuva-pasieke-cia-ziemojantys-pauksciai\/\" class=\"_self pt-cv-readmore btn btn-success\" target=\"_self\">Skaityti daugiau<\/a><\/div><\/div><\/div><\/div>\n<div class=\" pt-cv-content-item pt-cv-2-col\" ><div class=\"pt-cv-thumb-wrapper pull-left \"><a href=\"https:\/\/corpi.lt\/index.php\/jurinis_parkas\/\" class=\"_self pt-cv-href-thumbnail pt-cv-thumb-left\" target=\"_self\" ><img loading=\"lazy\" decoding=\"async\" width=\"300\" height=\"300\" src=\"https:\/\/corpi.lt\/wp-content\/uploads\/2023\/11\/397532278_245005728573751_7217574318085891188_n-300x300.jpg\" class=\"pt-cv-thumbnail pull-left\" alt=\"\" \/><\/a><\/div>\n<div class=\"pt-cv-colwrap\"><h4 class=\"pt-cv-title\"><a href=\"https:\/\/corpi.lt\/index.php\/jurinis_parkas\/\" class=\"_self\" target=\"_self\" >J\u016brinis v\u0117jo elektrini\u0173 parkas Lietuvoje<\/a><\/h4><div class=\"pt-cv-content\">Pirmasis j\u016brinis v\u0117jo elektrini\u0173 parkas Lietuvoje! M\u016bs\u0173 komanda atliko mil\u017eini\u0161k\u0105 darb\u0105 vertindama galim\u0105 \u0161io parko poveik\u012f aplinkai, daugyb\u0117 tyrim\u0173 Lietuvoje buvo atlikti pirm\u0105 kart\u0105. Paj\u016brio tyrim\u0173 planavimo institutas (PTPI) darbais prisideda prie Lietuvos strategini\u0173 tiksl\u0173 \u012fgyvendinimo siekiant nacionalin\u0117s energetin\u0117s nepriklausomyb\u0117s. 2021\u20132023 m. PTPI ekspertai atliko tyrimus ir pareng\u0117 Poveikio aplinkai ...<br \/><div class=\"pt-cv-rmwrap\"><a href=\"https:\/\/corpi.lt\/index.php\/jurinis_parkas\/\" class=\"_self pt-cv-readmore btn btn-success\" target=\"_self\">Skaityti daugiau<\/a><\/div><\/div><\/div><\/div>\n<div class=\" pt-cv-content-item pt-cv-2-col\" ><div class=\"pt-cv-thumb-wrapper pull-left \"><a href=\"https:\/\/corpi.lt\/index.php\/mazojo-erelio-reksnio-kelione\/\" class=\"_self pt-cv-href-thumbnail pt-cv-thumb-left\" target=\"_self\" ><img loading=\"lazy\" decoding=\"async\" width=\"271\" height=\"300\" src=\"https:\/\/corpi.lt\/wp-content\/uploads\/2023\/11\/391601236_241600122247645_1739037179812964190_n-271x300.jpg\" class=\"pt-cv-thumbnail pull-left\" alt=\"\" \/><\/a><\/div>\n<div class=\"pt-cv-colwrap\"><h4 class=\"pt-cv-title\"><a href=\"https:\/\/corpi.lt\/index.php\/mazojo-erelio-reksnio-kelione\/\" class=\"_self\" target=\"_self\" >Ma\u017eojo erelio r\u0117ksnio kelion\u0117<\/a><\/h4><div class=\"pt-cv-content\">Pirmadien\u012f ra\u0161\u0117me, kaip m\u016bs\u0173 komanda pagelb\u0117jo \u0161iam ereliui. \u0160iandien pristatome istorijos t\u0119sin\u012f. Taigi, ma\u017easis erelis r\u0117ksnys Lietuv\u0105 paliko rugs\u0117jo 15 dien\u0105, s\u0117kmingai \u012fveik\u0117 Lenkij\u0105, kliud\u0117 kra\u0161tel\u012f Baltarusijos, perskrido Ukrain\u0105, Rumunij\u0105, Bulgarij\u0105 pro Turkij\u0105 apskrido Vidur\u017eemio j\u016br\u0105, tuomet s\u0117kmingai \u012fveik\u0117 labai pavojing\u0105 ruo\u017e\u0105 pro Sirij\u0105 ir Liban\u0105, perskrido Izrael\u012f, tuomet prasid\u0117jo ...<br \/><div class=\"pt-cv-rmwrap\"><a href=\"https:\/\/corpi.lt\/index.php\/mazojo-erelio-reksnio-kelione\/\" class=\"_self pt-cv-readmore btn btn-success\" target=\"_self\">Skaityti daugiau<\/a><\/div><\/div><\/div><\/div>\n<div class=\" pt-cv-content-item pt-cv-2-col\" ><div class=\"pt-cv-thumb-wrapper pull-left \"><a href=\"https:\/\/corpi.lt\/index.php\/peledos-radviliskio-rajone\/\" class=\"_self pt-cv-href-thumbnail pt-cv-thumb-left\" target=\"_self\" ><img loading=\"lazy\" decoding=\"async\" width=\"300\" height=\"187\" src=\"https:\/\/corpi.lt\/wp-content\/uploads\/2023\/11\/391603208_242832715457719_4561975182405578605_n-300x187.jpg\" class=\"pt-cv-thumbnail pull-left\" alt=\"\" \/><\/a><\/div>\n<div class=\"pt-cv-colwrap\"><h4 class=\"pt-cv-title\"><a href=\"https:\/\/corpi.lt\/index.php\/peledos-radviliskio-rajone\/\" class=\"_self\" target=\"_self\" >Pel\u0117dos Radvili\u0161kio rajone<\/a><\/h4><div class=\"pt-cv-content\">Pagalba vienoms i\u0161 re\u010diausi\u0173 Lietuvoje perin\u010di\u0173 pel\u0117d\u0173 - pel\u0117dik\u0117ms. M\u016bs\u0173 komanda gavo prane\u0161im\u0105, jog Radvili\u0161kio rajone renovuojant elektros pastot\u0117s stog\u0105 buvo rastos pel\u0117dos, nuvykus \u012f viet\u0105 paai\u0161k\u0117jo, jog tai itin retos m\u016bs\u0173 kra\u0161te pel\u0117dik\u0117s (Lietuvoje \u017einomos vos 3 perin\u010dios poros). Pastato renovacijos metu buvo u\u017elopyti visi ply\u0161iai, tod\u0117l PTPI komanda ...<br \/><div class=\"pt-cv-rmwrap\"><a href=\"https:\/\/corpi.lt\/index.php\/peledos-radviliskio-rajone\/\" class=\"_self pt-cv-readmore btn btn-success\" target=\"_self\">Skaityti daugiau<\/a><\/div><\/div><\/div><\/div>\n<div class=\" pt-cv-content-item pt-cv-2-col\" ><div class=\"pt-cv-thumb-wrapper pull-left \"><a href=\"https:\/\/corpi.lt\/index.php\/mazojo-erelio-reksnio-nuotykiai\/\" class=\"_self pt-cv-href-thumbnail pt-cv-thumb-left\" target=\"_self\" ><img loading=\"lazy\" decoding=\"async\" width=\"300\" height=\"225\" src=\"https:\/\/corpi.lt\/wp-content\/uploads\/2023\/11\/391587093_241600022247655_5669754187606316074_n-300x225.jpg\" class=\"pt-cv-thumbnail pull-left\" alt=\"\" \/><\/a><\/div>\n<div class=\"pt-cv-colwrap\"><h4 class=\"pt-cv-title\"><a href=\"https:\/\/corpi.lt\/index.php\/mazojo-erelio-reksnio-nuotykiai\/\" class=\"_self\" target=\"_self\" >Ma\u017eojo erelio r\u0117ksnio nuotykiai<\/a><\/h4><div class=\"pt-cv-content\">\u0160iam gra\u017euoliui labai pasisek\u0117, jog \u017eieduojant ma\u017euosius erelius r\u0117ksnius visai atsitiktinai pakliuvo \u012f m\u016bs\u0173 komandos rankas. Sugavus \u0161\u012f suaugus\u012f erel\u012f buvo pastab\u0117ta, kad pauk\u0161\u010dio lie\u017euvis kabo pro skyl\u0119 posnapyje. Galb\u016bt \u017eaizda nebuvo mirtina, ta\u010diau diskomfort\u0105 pauk\u0161\u010diui tikrai k\u0117l\u0117. Buvo nuspr\u0119sta pad\u0117ti pauk\u0161\u010diui ir kiek \u012fmanoma lauko s\u0105lygomis sutvarkyti \u017eaizd\u0105. Antroje ...<br \/><div class=\"pt-cv-rmwrap\"><a href=\"https:\/\/corpi.lt\/index.php\/mazojo-erelio-reksnio-nuotykiai\/\" class=\"_self pt-cv-readmore btn btn-success\" target=\"_self\">Skaityti daugiau<\/a><\/div><\/div><\/div><\/div>\n<div class=\" pt-cv-content-item pt-cv-2-col\" ><div class=\"pt-cv-thumb-wrapper pull-left \"><a href=\"https:\/\/corpi.lt\/index.php\/pieviniu-lingiu-lizdu-stebejimai-planuojamo-vejo-jegainiu-parko-teritorijoje-joniskio-r\/\" class=\"_self pt-cv-href-thumbnail pt-cv-thumb-left\" target=\"_self\" ><img loading=\"lazy\" decoding=\"async\" width=\"224\" height=\"300\" src=\"https:\/\/corpi.lt\/wp-content\/uploads\/2023\/09\/387865569_232658886475102_1677402764554706053_n-224x300.jpg\" class=\"pt-cv-thumbnail pull-left\" alt=\"\" \/><\/a><\/div>\n<div class=\"pt-cv-colwrap\"><h4 class=\"pt-cv-title\"><a href=\"https:\/\/corpi.lt\/index.php\/pieviniu-lingiu-lizdu-stebejimai-planuojamo-vejo-jegainiu-parko-teritorijoje-joniskio-r\/\" class=\"_self\" target=\"_self\" >Pievini\u0173 lingi\u0173 lizd\u0173 steb\u0117jimai planuojamo v\u0117jo j\u0117gaini\u0173 parko teritorijoje Joni\u0161kio r.<\/a><\/h4><div class=\"pt-cv-content\">\u0160i\u0105 vasar\u0105 Paj\u016brio tyrim\u0173 ir planavimo instituto atliekam\u0173 tyrim\u0173 metu planuojamo v\u0117jo j\u0117gaini\u0173 parko teritorijoje Joni\u0161kio r. buvo aptikti keturi pievini\u0173 lingi\u0173 (Circus pygargus) lizdai \u2013 po du raps\u0173 ir jav\u0173 laukuose. Tik viena pora per\u0117jo s\u0117kmingai, lizd\u0105 kvie\u010di\u0173 lauke paliko 3 u\u017eaug\u0119 jaunikliai. \u0160\u012f rast\u0105 lizd\u0105 PTPI specialistai aptv\u0117r\u0117 ...<br \/><div class=\"pt-cv-rmwrap\"><a href=\"https:\/\/corpi.lt\/index.php\/pieviniu-lingiu-lizdu-stebejimai-planuojamo-vejo-jegainiu-parko-teritorijoje-joniskio-r\/\" class=\"_self pt-cv-readmore btn btn-success\" target=\"_self\">Skaityti daugiau<\/a><\/div><\/div><\/div><\/div><\/div><\/div><\/div>\t\t\t<style type=\"text\/css\" id=\"pt-cv-inline-style-7690ed1ibe\">\n#pt-cv-view-fcdf776vrf .pt-cv-thumb-wrapper:not(.miniwrap) { width: 40%; }#pt-cv-view-fcdf776vrf .pt-cv-thumbnail:not(.pt-cv-thumbnailsm) { height: 300px; }#pt-cv-view-fcdf776vrf > .pt-cv-page {grid-template-columns: repeat(1, 1fr);grid-gap: 15px;}\n@media all and (max-width: 1024px) { \n#pt-cv-view-fcdf776vrf > .pt-cv-page {grid-template-columns: repeat(1, 1fr);}\n} \n@media all and (max-width: 767px) { \n#pt-cv-view-fcdf776vrf > .pt-cv-page {grid-template-columns: repeat(1, 1fr);}\n} <\/style>\r\n\t\t\t\n","protected":false},"excerpt":{"rendered":"","protected":false},"author":1,"featured_media":0,"parent":0,"menu_order":0,"comment_status":"closed","ping_status":"closed","template":"","meta":{"footnotes":""},"tags":[],"class_list":["post-1630","page","type-page","status-publish","hentry"],"_links":{"self":[{"href":"https:\/\/corpi.lt\/index.php\/wp-json\/wp\/v2\/pages\/1630","targetHints":{"allow":["GET"]}}],"collection":[{"href":"https:\/\/corpi.lt\/index.php\/wp-json\/wp\/v2\/pages"}],"about":[{"href":"https:\/\/corpi.lt\/index.php\/wp-json\/wp\/v2\/types\/page"}],"author":[{"embeddable":true,"href":"https:\/\/corpi.lt\/index.php\/wp-json\/wp\/v2\/users\/1"}],"replies":[{"embeddable":true,"href":"https:\/\/corpi.lt\/index.php\/wp-json\/wp\/v2\/comments?post=1630"}],"version-history":[{"count":2,"href":"https:\/\/corpi.lt\/index.php\/wp-json\/wp\/v2\/pages\/1630\/revisions"}],"predecessor-version":[{"id":1633,"href":"https:\/\/corpi.lt\/index.php\/wp-json\/wp\/v2\/pages\/1630\/revisions\/1633"}],"wp:attachment":[{"href":"https:\/\/corpi.lt\/index.php\/wp-json\/wp\/v2\/media?parent=1630"}],"wp:term":[{"taxonomy":"post_tag","embeddable":true,"href":"https:\/\/corpi.lt\/index.php\/wp-json\/wp\/v2\/tags?post=1630"}],"curies":[{"name":"wp","href":"https:\/\/api.w.org\/{rel}","templated":true}]}}